{"id":4466,"date":"2020-11-14T09:19:09","date_gmt":"2020-11-14T08:19:09","guid":{"rendered":"https:\/\/butgb-ubatc.be\/our-mission\/"},"modified":"2021-01-31T09:24:28","modified_gmt":"2021-01-31T08:24:28","slug":"our-mission","status":"publish","type":"page","link":"https:\/\/butgb-ubatc.be\/nl\/about-us\/our-mission\/","title":{"rendered":"Onze missie"},"content":{"rendered":"\t\t<div data-elementor-type=\"wp-page\" data-elementor-id=\"4466\" class=\"elementor elementor-4466\" data-elementor-post-type=\"page\">\n\t\t\t\t\t\t<section class=\"elementor-section elementor-top-section elementor-element elementor-element-c4161f2 elementor-section-full_width elementor-section-stretched elementor-section-height-default elementor-section-height-default\" data-id=\"c4161f2\" data-element_type=\"section\" data-e-type=\"section\" data-settings=\"{&quot;stretch_section&quot;:&quot;section-stretched&quot;,&quot;background_background&quot;:&quot;classic&quot;,&quot;background_motion_fx_motion_fx_scrolling&quot;:&quot;yes&quot;,&quot;background_motion_fx_translateY_effect&quot;:&quot;yes&quot;,&quot;background_motion_fx_translateY_direction&quot;:&quot;negative&quot;,&quot;background_motion_fx_translateY_speed&quot;:{&quot;unit&quot;:&quot;px&quot;,&quot;size&quot;:5.6,&quot;sizes&quot;:[]},&quot;background_motion_fx_translateY_affectedRange&quot;:{&quot;unit&quot;:&quot;%&quot;,&quot;size&quot;:&quot;&quot;,&quot;sizes&quot;:{&quot;start&quot;:0,&quot;end&quot;:100}},&quot;background_motion_fx_devices&quot;:[&quot;desktop&quot;,&quot;tablet&quot;,&quot;mobile&quot;]}\">\n\t\t\t\t\t\t\t<div class=\"elementor-background-overlay\"><\/div>\n\t\t\t\t\t\t\t<div class=\"elementor-container elementor-column-gap-no\">\n\t\t\t\t\t<div class=\"elementor-column elementor-col-100 elementor-top-column elementor-element elementor-element-9ef2fb9\" data-id=\"9ef2fb9\" data-element_type=\"column\" data-e-type=\"column\">\n\t\t\t<div class=\"elementor-widget-wrap elementor-element-populated\">\n\t\t\t\t\t\t<section class=\"elementor-section elementor-inner-section elementor-element elementor-element-47fe0d4 elementor-section-full_width elementor-section-height-min-height elementor-section-content-bottom elementor-section-height-default\" data-id=\"47fe0d4\" data-element_type=\"section\" data-e-type=\"section\" data-settings=\"{&quot;background_background&quot;:&quot;classic&quot;}\">\n\t\t\t\t\t\t\t<div class=\"elementor-background-overlay\"><\/div>\n\t\t\t\t\t\t\t<div class=\"elementor-container elementor-column-gap-default\">\n\t\t\t\t\t<div class=\"elementor-column elementor-col-100 elementor-inner-column elementor-element elementor-element-db59b7d\" data-id=\"db59b7d\" data-element_type=\"column\" data-e-type=\"column\">\n\t\t\t<div class=\"elementor-widget-wrap elementor-element-populated\">\n\t\t\t\t\t\t<div class=\"elementor-element elementor-element-06928d0 elementor-widget elementor-widget-heading\" data-id=\"06928d0\" data-element_type=\"widget\" data-e-type=\"widget\" data-widget_type=\"heading.default\">\n\t\t\t\t<div class=\"elementor-widget-container\">\n\t\t\t\t\t<h2 class=\"elementor-heading-title elementor-size-default\">Onze missie<\/h2>\t\t\t\t<\/div>\n\t\t\t\t<\/div>\n\t\t\t\t<div class=\"elementor-element elementor-element-a67348f elementor-widget-divider--view-line elementor-widget elementor-widget-divider\" data-id=\"a67348f\" data-element_type=\"widget\" data-e-type=\"widget\" data-widget_type=\"divider.default\">\n\t\t\t\t<div class=\"elementor-widget-container\">\n\t\t\t\t\t\t\t<div class=\"elementor-divider\">\n\t\t\t<span class=\"elementor-divider-separator\">\n\t\t\t\t\t\t<\/span>\n\t\t<\/div>\n\t\t\t\t\t\t<\/div>\n\t\t\t\t<\/div>\n\t\t\t\t\t<\/div>\n\t\t<\/div>\n\t\t\t\t\t<\/div>\n\t\t<\/section>\n\t\t\t\t<section class=\"elementor-section elementor-inner-section elementor-element elementor-element-24f43da noshadow elementor-section-boxed elementor-section-height-default elementor-section-height-default\" data-id=\"24f43da\" data-element_type=\"section\" data-e-type=\"section\">\n\t\t\t\t\t\t<div class=\"elementor-container elementor-column-gap-default\">\n\t\t\t\t\t<div class=\"elementor-column elementor-col-100 elementor-inner-column elementor-element elementor-element-92e8c18\" data-id=\"92e8c18\" data-element_type=\"column\" data-e-type=\"column\">\n\t\t\t<div class=\"elementor-widget-wrap elementor-element-populated\">\n\t\t\t\t\t\t<div class=\"elementor-element elementor-element-68db97a elementor-widget elementor-widget-text-editor\" data-id=\"68db97a\" data-element_type=\"widget\" data-e-type=\"widget\" data-widget_type=\"text-editor.default\">\n\t\t\t\t<div class=\"elementor-widget-container\">\n\t\t\t\t\t\t\t\t\t<p>BUtgb vzw is een vereniging van instellingen en organisaties die dankzij hun deskundigheid een bijdrage kunnen leveren aan het beoordelen, goedkeuren en certificeren van bouwproducten.<\/p>\n<p>De BUtgb moet het volgende beogen:<\/p>\n<ul>\n<li data-leveltext=\"-\" data-font=\"Symbol\" data-listid=\"2\" aria-setsize=\"-1\" data-aria-posinset=\"1\" data-aria-level=\"1\">\n              <span data-ccp-props=\"{\">De beste Europese goedkeurings- en beoordelingsinstantie zijn m.b.t. de inherente kwaliteit van haar producten en diensten, de prijs\/kwaliteit verhouding en stiptheid van de dienstverlening en het beantwoorden van de behoeften van alle belanghebbende partijen in de bouwsector; <\/span>\n            <\/li>\n<li data-leveltext=\"-\" data-font=\"Symbol\" data-listid=\"2\" aria-setsize=\"-1\" data-aria-posinset=\"2\" data-aria-level=\"1\">\n              <span data-ccp-props=\"{\">Om in de Belgische context proliferatie van en competitie tussen merken, technische beoordelingen en kwaliteitsverklaringen te vermijden, wat de waarde ervan zou verminderen, de enige belangrijke leverancier worden van kwaliteitsverklaringen m.b.t. de gebruiksgeschiktheid van materialen, producten of kits en systemen die niet of onvolledig door normen behandeld worden; <\/span>\n            <\/li>\n<\/ul>\n<p>\n            <span data-ccp-props=\"{\">De BUtgb moet de competitiviteit van de Belgische en Europese bouwsector ondersteunen, het welvaren van de bouwheren en duurzame ontwikkeling nastreven, door: <\/span>\n          <\/p>\n<ul>\n<li data-leveltext=\"-\" data-font=\"Symbol\" data-listid=\"2\" aria-setsize=\"-1\" data-aria-posinset=\"3\" data-aria-level=\"1\">De goedkeurings-, beoordelings- en certificatieoperatoren de nodige middelen te verschaffen om een coherent geheel van technische beoordelingen en kwaliteitsverklaringen op te stellen, te onderhouden en te verspreiden op maat van gebruikers en bouwplaatsen<\/li>\n<li data-leveltext=\"-\" data-font=\"Symbol\" data-listid=\"2\" aria-setsize=\"-1\" data-aria-posinset=\"1\" data-aria-level=\"1\">\n              <span data-ccp-props=\"{\">De aanvragers van technische beoordelingen en kwaliteitsverklaringen op een correcte wijze te ontvangen, de door hen ter beschikking gestelde informatie op een vertrouwelijke wijze te behandelen, hen het meest geschikte BUtgb product of de meest geschikte BUtgb dienst aanbieden en hen te begeleiden doorheen het beoordelings-, goedkeurings- en\/of certificatieproces <\/span>\n            <\/li>\n<li data-leveltext=\"-\" data-font=\"Symbol\" data-listid=\"2\" aria-setsize=\"-1\" data-aria-posinset=\"2\" data-aria-level=\"1\">\n              <span data-ccp-props=\"{\">De belanghebbende partijen inspraak te geven in de werking van de organisatie en hun vertrouwen in de diensten van de BUtgb te vergroten door toezicht te houden op de activiteiten van de operatoren <\/span>\n            <\/li>\n<li data-leveltext=\"-\" data-font=\"Symbol\" data-listid=\"2\" aria-setsize=\"-1\" data-aria-posinset=\"3\" data-aria-level=\"1\">\n              <span data-ccp-props=\"{\">Flexibel en effici\u00ebnt en op technische en wetenschappelijk verantwoorde wijze in te gaan op de behoeften van de belanghebbenden, van de markt en de maatschappij en het begeleiden van de bouwplaats gerelateerde processen van de gebruikers <\/span>\n            <\/li>\n<\/ul>\n\t\t\t\t\t\t\t\t<\/div>\n\t\t\t\t<\/div>\n\t\t\t\t\t<\/div>\n\t\t<\/div>\n\t\t\t\t\t<\/div>\n\t\t<\/section>\n\t\t\t\t\t<\/div>\n\t\t<\/div>\n\t\t\t\t\t<\/div>\n\t\t<\/section>\n\t\t\t\t<section class=\"elementor-section elementor-top-section elementor-element elementor-element-d585d2d elementor-section-boxed elementor-section-height-default elementor-section-height-default\" data-id=\"d585d2d\" data-element_type=\"section\" data-e-type=\"section\">\n\t\t\t\t\t\t<div class=\"elementor-container elementor-column-gap-default\">\n\t\t\t\t\t<div class=\"elementor-column elementor-col-100 elementor-top-column elementor-element elementor-element-318e885\" data-id=\"318e885\" data-element_type=\"column\" data-e-type=\"column\">\n\t\t\t<div class=\"elementor-widget-wrap elementor-element-populated\">\n\t\t\t\t\t\t<div class=\"elementor-element elementor-element-73aeb2d elementor-widget elementor-widget-heading\" data-id=\"73aeb2d\" data-element_type=\"widget\" data-e-type=\"widget\" data-widget_type=\"heading.default\">\n\t\t\t\t<div class=\"elementor-widget-container\">\n\t\t\t\t\t<h2 class=\"elementor-heading-title elementor-size-default\">De visie...<\/h2>\t\t\t\t<\/div>\n\t\t\t\t<\/div>\n\t\t\t\t<div class=\"elementor-element elementor-element-cbcc53a elementor-widget elementor-widget-text-editor\" data-id=\"cbcc53a\" data-element_type=\"widget\" data-e-type=\"widget\" data-widget_type=\"text-editor.default\">\n\t\t\t\t<div class=\"elementor-widget-container\">\n\t\t\t\t\t\t\t\t\t<p>Alle innovatieve en traditionele bouwproducten, kits en systemen behandeld door \u00e9\u00e9n of meerdere specificatie(s), gebaseerd op \u00e9\u00e9n of meerdere beoordeling(en), zonder enige duplicatie van uitgevoerd werk, die de behoeften naar technische informatie van alle belanghebbenden vervullen, de toepassing ervan op bouwplaatsen vereenvoudigen en de bouwprocessen begeleiden en omkaderen.<\/p>\n\t\t\t\t\t\t\t\t<\/div>\n\t\t\t\t<\/div>\n\t\t\t\t\t<\/div>\n\t\t<\/div>\n\t\t\t\t\t<\/div>\n\t\t<\/section>\n\t\t\t\t<\/div>\n\t\t","protected":false},"excerpt":{"rendered":"<p>Onze missie BUtgb vzw is een vereniging van instellingen en organisaties die dankzij hun deskundigheid een bijdrage kunnen leveren aan het beoordelen, goedkeuren en certificeren van bouwproducten. De BUtgb moet het volgende beogen: De beste Europese goedkeurings- en beoordelingsinstantie zijn m.b.t. de inherente kwaliteit van haar producten en diensten, de prijs\/kwaliteit verhouding en stiptheid van [&hellip;]<\/p>\n","protected":false},"author":3,"featured_media":0,"parent":10578,"menu_order":0,"comment_status":"closed","ping_status":"closed","template":"","meta":{"_acf_changed":false,"site-sidebar-layout":"no-sidebar","site-content-layout":"page-builder","ast-site-content-layout":"default","site-content-style":"default","site-sidebar-style":"default","ast-global-header-display":"","ast-banner-title-visibility":"","ast-main-header-display":"","ast-hfb-above-header-display":"","ast-hfb-below-header-display":"","ast-hfb-mobile-header-display":"","site-post-title":"disabled","ast-breadcrumbs-content":"","ast-featured-img":"disabled","footer-sml-layout":"","ast-disable-related-posts":"","theme-transparent-header-meta":"default","adv-header-id-meta":"","stick-header-meta":"","header-above-stick-meta":"","header-main-stick-meta":"","header-below-stick-meta":"","astra-migrate-meta-layouts":"default","ast-page-background-enabled":"default","ast-page-background-meta":{"desktop":{"background-color":"","background-image":"","background-repeat":"repeat","background-position":"center center","background-size":"auto","background-attachment":"scroll","background-type":"","background-media":"","overlay-type":"","overlay-color":"","overlay-opacity":"","overlay-gradient":""},"tablet":{"background-color":"","background-image":"","background-repeat":"repeat","background-position":"center center","background-size":"auto","background-attachment":"scroll","background-type":"","background-media":"","overlay-type":"","overlay-color":"","overlay-opacity":"","overlay-gradient":""},"mobile":{"background-color":"","background-image":"","background-repeat":"repeat","background-position":"center center","background-size":"auto","background-attachment":"scroll","background-type":"","background-media":"","overlay-type":"","overlay-color":"","overlay-opacity":"","overlay-gradient":""}},"ast-content-background-meta":{"desktop":{"background-color":"var(--ast-global-color-5)","background-image":"","background-repeat":"repeat","background-position":"center center","background-size":"auto","background-attachment":"scroll","background-type":"","background-media":"","overlay-type":"","overlay-color":"","overlay-opacity":"","overlay-gradient":""},"tablet":{"background-color":"var(--ast-global-color-5)","background-image":"","background-repeat":"repeat","background-position":"center center","background-size":"auto","background-attachment":"scroll","background-type":"","background-media":"","overlay-type":"","overlay-color":"","overlay-opacity":"","overlay-gradient":""},"mobile":{"background-color":"var(--ast-global-color-5)","background-image":"","background-repeat":"repeat","background-position":"center center","background-size":"auto","background-attachment":"scroll","background-type":"","background-media":"","overlay-type":"","overlay-color":"","overlay-opacity":"","overlay-gradient":""}},"footnotes":""},"class_list":["post-4466","page","type-page","status-publish","hentry"],"acf":[],"_links":{"self":[{"href":"https:\/\/butgb-ubatc.be\/nl\/wp-json\/wp\/v2\/pages\/4466","targetHints":{"allow":["GET"]}}],"collection":[{"href":"https:\/\/butgb-ubatc.be\/nl\/wp-json\/wp\/v2\/pages"}],"about":[{"href":"https:\/\/butgb-ubatc.be\/nl\/wp-json\/wp\/v2\/types\/page"}],"author":[{"embeddable":true,"href":"https:\/\/butgb-ubatc.be\/nl\/wp-json\/wp\/v2\/users\/3"}],"replies":[{"embeddable":true,"href":"https:\/\/butgb-ubatc.be\/nl\/wp-json\/wp\/v2\/comments?post=4466"}],"version-history":[{"count":30,"href":"https:\/\/butgb-ubatc.be\/nl\/wp-json\/wp\/v2\/pages\/4466\/revisions"}],"predecessor-version":[{"id":20881,"href":"https:\/\/butgb-ubatc.be\/nl\/wp-json\/wp\/v2\/pages\/4466\/revisions\/20881"}],"up":[{"embeddable":true,"href":"https:\/\/butgb-ubatc.be\/nl\/wp-json\/wp\/v2\/pages\/10578"}],"wp:attachment":[{"href":"https:\/\/butgb-ubatc.be\/nl\/wp-json\/wp\/v2\/media?parent=4466"}],"curies":[{"name":"wp","href":"https:\/\/api.w.org\/{rel}","templated":true}]}}