{"id":27213,"date":"2022-02-14T09:32:57","date_gmt":"2022-02-14T08:32:57","guid":{"rendered":"https:\/\/butgb-ubatc.be\/deliverables\/agrement-technique-limite-btg\/"},"modified":"2022-02-14T09:45:26","modified_gmt":"2022-02-14T08:45:26","slug":"limited-technical-approval","status":"publish","type":"page","link":"https:\/\/butgb-ubatc.be\/fr\/deliverables\/limited-technical-approval\/","title":{"rendered":"Agr\u00e9ment Technique Limit\u00e9"},"content":{"rendered":"\t\t<div data-elementor-type=\"wp-page\" data-elementor-id=\"27213\" class=\"elementor elementor-27213\" data-elementor-post-type=\"page\">\n\t\t\t\t\t\t<section class=\"elementor-section elementor-top-section elementor-element elementor-element-9873e33 elementor-section-full_width elementor-section-height-min-height elementor-section-items-bottom elementor-section-content-bottom elementor-section-height-default\" data-id=\"9873e33\" data-element_type=\"section\" data-e-type=\"section\" data-settings=\"{&quot;background_background&quot;:&quot;classic&quot;}\">\n\t\t\t\t\t\t\t<div class=\"elementor-background-overlay\"><\/div>\n\t\t\t\t\t\t\t<div class=\"elementor-container elementor-column-gap-no\">\n\t\t\t\t\t<div class=\"elementor-column elementor-col-100 elementor-top-column elementor-element elementor-element-a1c1c75\" data-id=\"a1c1c75\" data-element_type=\"column\" data-e-type=\"column\">\n\t\t\t<div class=\"elementor-widget-wrap elementor-element-populated\">\n\t\t\t\t\t\t<div class=\"elementor-element elementor-element-cd1eb9b elementor-hidden-desktop elementor-hidden-tablet elementor-hidden-mobile elementor-widget elementor-widget-heading\" data-id=\"cd1eb9b\" data-element_type=\"widget\" data-e-type=\"widget\" data-widget_type=\"heading.default\">\n\t\t\t\t<div class=\"elementor-widget-container\">\n\t\t\t\t\t<h2 class=\"elementor-heading-title elementor-size-default\"><a href=\"https:\/\/butgb-ubatc.be\/fr\/deliverables\/european-technical-assessment-eta\/\"><span style=\"color:#BC0D1D\">b<\/span><span style=\"color:#1A1919\">T<\/span><span style=\"color:#BC0D1D\">g<\/span><\/a><\/h2>\t\t\t\t<\/div>\n\t\t\t\t<\/div>\n\t\t\t\t\t<\/div>\n\t\t<\/div>\n\t\t\t\t\t<\/div>\n\t\t<\/section>\n\t\t\t\t<section class=\"elementor-section elementor-top-section elementor-element elementor-element-a826485 elementor-section-full_width elementor-section-content-bottom elementor-section-height-default elementor-section-height-default\" data-id=\"a826485\" data-element_type=\"section\" data-e-type=\"section\" data-settings=\"{&quot;background_background&quot;:&quot;classic&quot;}\">\n\t\t\t\t\t\t\t<div class=\"elementor-background-overlay\"><\/div>\n\t\t\t\t\t\t\t<div class=\"elementor-container elementor-column-gap-no\">\n\t\t\t\t\t<div class=\"elementor-column elementor-col-100 elementor-top-column elementor-element elementor-element-d794124\" data-id=\"d794124\" data-element_type=\"column\" data-e-type=\"column\">\n\t\t\t<div class=\"elementor-widget-wrap elementor-element-populated\">\n\t\t\t\t\t\t<div class=\"elementor-element elementor-element-5404fa1 elementor-widget elementor-widget-heading\" data-id=\"5404fa1\" data-element_type=\"widget\" data-e-type=\"widget\" data-widget_type=\"heading.default\">\n\t\t\t\t<div class=\"elementor-widget-container\">\n\t\t\t\t\t<h2 class=\"elementor-heading-title elementor-size-default\">Agr\u00e9ment Technique Limit\u00e9<\/h2>\t\t\t\t<\/div>\n\t\t\t\t<\/div>\n\t\t\t\t\t<\/div>\n\t\t<\/div>\n\t\t\t\t\t<\/div>\n\t\t<\/section>\n\t\t\t\t<section class=\"elementor-section elementor-top-section elementor-element elementor-element-937f1e4 elementor-section-full_width elementor-section-height-default elementor-section-height-default\" data-id=\"937f1e4\" data-element_type=\"section\" data-e-type=\"section\">\n\t\t\t\t\t\t<div class=\"elementor-container elementor-column-gap-default\">\n\t\t\t\t\t<div class=\"elementor-column elementor-col-100 elementor-top-column elementor-element elementor-element-b9f06a9\" data-id=\"b9f06a9\" data-element_type=\"column\" data-e-type=\"column\">\n\t\t\t<div class=\"elementor-widget-wrap elementor-element-populated\">\n\t\t\t\t\t\t<div class=\"elementor-element elementor-element-feca62b elementor-widget-divider--view-line elementor-widget elementor-widget-divider\" data-id=\"feca62b\" data-element_type=\"widget\" data-e-type=\"widget\" data-widget_type=\"divider.default\">\n\t\t\t\t<div class=\"elementor-widget-container\">\n\t\t\t\t\t\t\t<div class=\"elementor-divider\">\n\t\t\t<span class=\"elementor-divider-separator\">\n\t\t\t\t\t\t<\/span>\n\t\t<\/div>\n\t\t\t\t\t\t<\/div>\n\t\t\t\t<\/div>\n\t\t\t\t\t<\/div>\n\t\t<\/div>\n\t\t\t\t\t<\/div>\n\t\t<\/section>\n\t\t\t\t<section class=\"elementor-section elementor-top-section elementor-element elementor-element-ab3c0a8 elementor-section-boxed elementor-section-height-default elementor-section-height-default\" data-id=\"ab3c0a8\" data-element_type=\"section\" data-e-type=\"section\">\n\t\t\t\t\t\t<div class=\"elementor-container elementor-column-gap-default\">\n\t\t\t\t\t<div class=\"elementor-column elementor-col-100 elementor-top-column elementor-element elementor-element-1730ebc\" data-id=\"1730ebc\" data-element_type=\"column\" data-e-type=\"column\">\n\t\t\t<div class=\"elementor-widget-wrap elementor-element-populated\">\n\t\t\t\t\t\t<div class=\"elementor-element elementor-element-959e705 elementor-widget elementor-widget-text-editor\" data-id=\"959e705\" data-element_type=\"widget\" data-e-type=\"widget\" data-widget_type=\"text-editor.default\">\n\t\t\t\t<div class=\"elementor-widget-container\">\n\t\t\t\t\t\t\t\t\t<p>Un agr\u00e9ment technique limit\u00e9 est une proc\u00e9dure d&rsquo;aide, appliqu\u00e9e au cours de la p\u00e9riode de r\u00e9alisation d&rsquo;un agr\u00e9ment technique ayant fait l&rsquo;objet d&rsquo;une demande r\u00e9guli\u00e8re. Il permet d&rsquo;utiliser les r\u00e9sultats d\u00e9j\u00e0 disponibles en vue de rendre un avis favorable ad hoc.<\/p>\n<p>On distingue les situations suivantes :<\/p>\n<ul>\n<li>le processus d&rsquo;agr\u00e9ment n&rsquo;est pas encore achev\u00e9, mais est d\u00e9j\u00e0 suffisamment avanc\u00e9 pour permettre une \u00e9valuation favorable, mais limit\u00e9e \u00e0 une utilisation sp\u00e9cifique, \u00e0 une courte p\u00e9riode et\/ou \u00e0 un domaine d&rsquo;application limit\u00e9 ; ou<\/li>\n<li>Il s&rsquo;agit d&rsquo;une d\u00e9viation \u00e0 l&rsquo;\u00e9gard d&rsquo;un agr\u00e9ment technique d\u00e9livr\u00e9 qui, du moins au d\u00e9but, est seulement pertinent pour un chantier sp\u00e9cifique. Lorsque la m\u00eame d\u00e9viation devient d&rsquo;application pour plusieurs chantiers, la d\u00e9viation est reprise dans l&rsquo;agr\u00e9ment.<\/li>\n<\/ul>\n<p>Un agr\u00e9ment technique limit\u00e9 ne peut en aucun cas faire l&rsquo;objet d\u2019une confirmation en vue d\u2019\u00eatre appliqu\u00e9 dans des pays autres que la Belgique, tombe sous la responsabilit\u00e9 de l\u2019Op\u00e9rateur d&rsquo;agr\u00e9ment charg\u00e9 de la gestion du Bureau ex\u00e9cutif concern\u00e9 devant donner son accord sur l&rsquo;agr\u00e9ment technique limit\u00e9, ne porte pas d&rsquo;indice d\u2019ATG et n&rsquo;est pas repris dans la liste des agr\u00e9ments valables.<\/p>\n<p>Etant donn\u00e9 que les textes d&rsquo;agr\u00e9ment technique limit\u00e9 ne sont pas publi\u00e9s, mais d\u00e9livr\u00e9s par l&rsquo;op\u00e9rateur d&rsquo;agr\u00e9ment, l&rsquo;UBAtc publie les informations bibliographiques pour assurer la tra\u00e7abilit\u00e9.<\/p>\n\t\t\t\t\t\t\t\t<\/div>\n\t\t\t\t<\/div>\n\t\t\t\t\t<\/div>\n\t\t<\/div>\n\t\t\t\t\t<\/div>\n\t\t<\/section>\n\t\t\t\t<section class=\"elementor-section elementor-top-section elementor-element elementor-element-ed2a304 elementor-section-boxed elementor-section-height-default elementor-section-height-default\" data-id=\"ed2a304\" data-element_type=\"section\" data-e-type=\"section\" data-settings=\"{&quot;background_background&quot;:&quot;classic&quot;}\">\n\t\t\t\t\t\t<div class=\"elementor-container elementor-column-gap-default\">\n\t\t\t\t\t<div class=\"elementor-column elementor-col-100 elementor-top-column elementor-element elementor-element-e6c217e\" data-id=\"e6c217e\" data-element_type=\"column\" data-e-type=\"column\">\n\t\t\t<div class=\"elementor-widget-wrap elementor-element-populated\">\n\t\t\t\t\t\t<div class=\"elementor-element elementor-element-5b22741 elementor-widget elementor-widget-heading\" data-id=\"5b22741\" data-element_type=\"widget\" data-e-type=\"widget\" data-widget_type=\"heading.default\">\n\t\t\t\t<div class=\"elementor-widget-container\">\n\t\t\t\t\t<h2 class=\"elementor-heading-title elementor-size-default\">Liste des Agr\u00e9ments Techniques Limit\u00e9s d\u00e9livr\u00e9s :<\/h2>\t\t\t\t<\/div>\n\t\t\t\t<\/div>\n\t\t\t\t\t<\/div>\n\t\t<\/div>\n\t\t\t\t\t<\/div>\n\t\t<\/section>\n\t\t\t\t<section class=\"elementor-section elementor-top-section elementor-element elementor-element-abe3db6 elementor-section-boxed elementor-section-height-default elementor-section-height-default\" data-id=\"abe3db6\" data-element_type=\"section\" data-e-type=\"section\" data-settings=\"{&quot;background_background&quot;:&quot;classic&quot;}\">\n\t\t\t\t\t\t<div class=\"elementor-container elementor-column-gap-default\">\n\t\t\t\t\t<div class=\"elementor-column elementor-col-100 elementor-top-column elementor-element elementor-element-4454d7b\" data-id=\"4454d7b\" data-element_type=\"column\" data-e-type=\"column\">\n\t\t\t<div class=\"elementor-widget-wrap elementor-element-populated\">\n\t\t\t\t\t\t<div class=\"elementor-element elementor-element-bb90152 elementor-widget elementor-widget-shortcode\" data-id=\"bb90152\" data-element_type=\"widget\" data-e-type=\"widget\" data-widget_type=\"shortcode.default\">\n\t\t\t\t<div class=\"elementor-widget-container\">\n\t\t\t\t\t\t\t<div class=\"elementor-shortcode\"><\/div>\n\t\t\t\t\t\t<\/div>\n\t\t\t\t<\/div>\n\t\t\t\t\t<\/div>\n\t\t<\/div>\n\t\t\t\t\t<\/div>\n\t\t<\/section>\n\t\t\t\t<\/div>\n\t\t","protected":false},"excerpt":{"rendered":"<p>bTg Agr\u00e9ment Technique Limit\u00e9 Un agr\u00e9ment technique limit\u00e9 est une proc\u00e9dure d&rsquo;aide, appliqu\u00e9e au cours de la p\u00e9riode de r\u00e9alisation d&rsquo;un agr\u00e9ment technique ayant fait l&rsquo;objet d&rsquo;une demande r\u00e9guli\u00e8re. Il permet d&rsquo;utiliser les r\u00e9sultats d\u00e9j\u00e0 disponibles en vue de rendre un avis favorable ad hoc. On distingue les situations suivantes : le processus d&rsquo;agr\u00e9ment n&rsquo;est [&hellip;]<\/p>\n","protected":false},"author":3,"featured_media":0,"parent":4471,"menu_order":0,"comment_status":"closed","ping_status":"closed","template":"","meta":{"_acf_changed":false,"site-sidebar-layout":"no-sidebar","site-content-layout":"page-builder","ast-site-content-layout":"default","site-content-style":"default","site-sidebar-style":"default","ast-global-header-display":"","ast-banner-title-visibility":"","ast-main-header-display":"","ast-hfb-above-header-display":"","ast-hfb-below-header-display":"","ast-hfb-mobile-header-display":"","site-post-title":"disabled","ast-breadcrumbs-content":"","ast-featured-img":"disabled","footer-sml-layout":"","ast-disable-related-posts":"","theme-transparent-header-meta":"default","adv-header-id-meta":"","stick-header-meta":"","header-above-stick-meta":"","header-main-stick-meta":"","header-below-stick-meta":"","astra-migrate-meta-layouts":"default","ast-page-background-enabled":"default","ast-page-background-meta":{"desktop":{"background-color":"","background-image":"","background-repeat":"repeat","background-position":"center center","background-size":"auto","background-attachment":"scroll","background-type":"","background-media":"","overlay-type":"","overlay-color":"","overlay-opacity":"","overlay-gradient":""},"tablet":{"background-color":"","background-image":"","background-repeat":"repeat","background-position":"center center","background-size":"auto","background-attachment":"scroll","background-type":"","background-media":"","overlay-type":"","overlay-color":"","overlay-opacity":"","overlay-gradient":""},"mobile":{"background-color":"","background-image":"","background-repeat":"repeat","background-position":"center center","background-size":"auto","background-attachment":"scroll","background-type":"","background-media":"","overlay-type":"","overlay-color":"","overlay-opacity":"","overlay-gradient":""}},"ast-content-background-meta":{"desktop":{"background-color":"var(--ast-global-color-5)","background-image":"","background-repeat":"repeat","background-position":"center center","background-size":"auto","background-attachment":"scroll","background-type":"","background-media":"","overlay-type":"","overlay-color":"","overlay-opacity":"","overlay-gradient":""},"tablet":{"background-color":"var(--ast-global-color-5)","background-image":"","background-repeat":"repeat","background-position":"center center","background-size":"auto","background-attachment":"scroll","background-type":"","background-media":"","overlay-type":"","overlay-color":"","overlay-opacity":"","overlay-gradient":""},"mobile":{"background-color":"var(--ast-global-color-5)","background-image":"","background-repeat":"repeat","background-position":"center center","background-size":"auto","background-attachment":"scroll","background-type":"","background-media":"","overlay-type":"","overlay-color":"","overlay-opacity":"","overlay-gradient":""}},"footnotes":""},"class_list":["post-27213","page","type-page","status-publish","hentry"],"acf":[],"_links":{"self":[{"href":"https:\/\/butgb-ubatc.be\/fr\/wp-json\/wp\/v2\/pages\/27213","targetHints":{"allow":["GET"]}}],"collection":[{"href":"https:\/\/butgb-ubatc.be\/fr\/wp-json\/wp\/v2\/pages"}],"about":[{"href":"https:\/\/butgb-ubatc.be\/fr\/wp-json\/wp\/v2\/types\/page"}],"author":[{"embeddable":true,"href":"https:\/\/butgb-ubatc.be\/fr\/wp-json\/wp\/v2\/users\/3"}],"replies":[{"embeddable":true,"href":"https:\/\/butgb-ubatc.be\/fr\/wp-json\/wp\/v2\/comments?post=27213"}],"version-history":[{"count":3,"href":"https:\/\/butgb-ubatc.be\/fr\/wp-json\/wp\/v2\/pages\/27213\/revisions"}],"predecessor-version":[{"id":27231,"href":"https:\/\/butgb-ubatc.be\/fr\/wp-json\/wp\/v2\/pages\/27213\/revisions\/27231"}],"up":[{"embeddable":true,"href":"https:\/\/butgb-ubatc.be\/fr\/wp-json\/wp\/v2\/pages\/4471"}],"wp:attachment":[{"href":"https:\/\/butgb-ubatc.be\/fr\/wp-json\/wp\/v2\/media?parent=27213"}],"curies":[{"name":"wp","href":"https:\/\/api.w.org\/{rel}","templated":true}]}}