{"id":14175,"date":"2021-01-16T16:58:15","date_gmt":"2021-01-16T15:58:15","guid":{"rendered":"https:\/\/butgb-ubatc.be\/confirmation\/"},"modified":"2021-01-31T12:37:06","modified_gmt":"2021-01-31T11:37:06","slug":"confirmation","status":"publish","type":"page","link":"https:\/\/butgb-ubatc.be\/fr\/deliverables\/national-technical-approval-atg\/confirmation\/","title":{"rendered":"La confirmation (reconnaissance mutuelle)"},"content":{"rendered":"\t\t<div data-elementor-type=\"wp-page\" data-elementor-id=\"14175\" class=\"elementor elementor-14175\" data-elementor-post-type=\"page\">\n\t\t\t\t\t\t<section class=\"elementor-section elementor-top-section elementor-element elementor-element-35ba6833 elementor-section-full_width elementor-section-stretched elementor-section-height-default elementor-section-height-default\" data-id=\"35ba6833\" data-element_type=\"section\" data-e-type=\"section\" data-settings=\"{&quot;stretch_section&quot;:&quot;section-stretched&quot;,&quot;background_background&quot;:&quot;classic&quot;,&quot;background_motion_fx_motion_fx_scrolling&quot;:&quot;yes&quot;,&quot;background_motion_fx_translateY_effect&quot;:&quot;yes&quot;,&quot;background_motion_fx_translateY_direction&quot;:&quot;negative&quot;,&quot;background_motion_fx_translateY_speed&quot;:{&quot;unit&quot;:&quot;px&quot;,&quot;size&quot;:5.6,&quot;sizes&quot;:[]},&quot;background_motion_fx_translateY_affectedRange&quot;:{&quot;unit&quot;:&quot;%&quot;,&quot;size&quot;:&quot;&quot;,&quot;sizes&quot;:{&quot;start&quot;:0,&quot;end&quot;:100}},&quot;background_motion_fx_devices&quot;:[&quot;desktop&quot;,&quot;tablet&quot;,&quot;mobile&quot;]}\">\n\t\t\t\t\t\t\t<div class=\"elementor-background-overlay\"><\/div>\n\t\t\t\t\t\t\t<div class=\"elementor-container elementor-column-gap-no\">\n\t\t\t\t\t<div class=\"elementor-column elementor-col-100 elementor-top-column elementor-element elementor-element-34c956a4\" data-id=\"34c956a4\" data-element_type=\"column\" data-e-type=\"column\">\n\t\t\t<div class=\"elementor-widget-wrap elementor-element-populated\">\n\t\t\t\t\t\t<section class=\"elementor-section elementor-inner-section elementor-element elementor-element-32fa987d elementor-section-full_width elementor-section-height-min-height elementor-section-content-bottom elementor-section-height-default\" data-id=\"32fa987d\" data-element_type=\"section\" data-e-type=\"section\" data-settings=\"{&quot;background_background&quot;:&quot;classic&quot;}\">\n\t\t\t\t\t\t\t<div class=\"elementor-background-overlay\"><\/div>\n\t\t\t\t\t\t\t<div class=\"elementor-container elementor-column-gap-default\">\n\t\t\t\t\t<div class=\"elementor-column elementor-col-100 elementor-inner-column elementor-element elementor-element-4839e432\" data-id=\"4839e432\" data-element_type=\"column\" data-e-type=\"column\">\n\t\t\t<div class=\"elementor-widget-wrap elementor-element-populated\">\n\t\t\t\t\t\t<div class=\"elementor-element elementor-element-62cfa0be elementor-widget elementor-widget-heading\" data-id=\"62cfa0be\" data-element_type=\"widget\" data-e-type=\"widget\" data-widget_type=\"heading.default\">\n\t\t\t\t<div class=\"elementor-widget-container\">\n\t\t\t\t\t<h2 class=\"elementor-heading-title elementor-size-default\">Confirmations (reconnaissance mutuelle) <\/h2>\t\t\t\t<\/div>\n\t\t\t\t<\/div>\n\t\t\t\t<div class=\"elementor-element elementor-element-13be1ee9 elementor-widget-divider--view-line elementor-widget elementor-widget-divider\" data-id=\"13be1ee9\" data-element_type=\"widget\" data-e-type=\"widget\" data-widget_type=\"divider.default\">\n\t\t\t\t<div class=\"elementor-widget-container\">\n\t\t\t\t\t\t\t<div class=\"elementor-divider\">\n\t\t\t<span class=\"elementor-divider-separator\">\n\t\t\t\t\t\t<\/span>\n\t\t<\/div>\n\t\t\t\t\t\t<\/div>\n\t\t\t\t<\/div>\n\t\t\t\t\t<\/div>\n\t\t<\/div>\n\t\t\t\t\t<\/div>\n\t\t<\/section>\n\t\t\t\t<section class=\"elementor-section elementor-inner-section elementor-element elementor-element-2e968bb7 noshadow elementor-section-boxed elementor-section-height-default elementor-section-height-default\" data-id=\"2e968bb7\" data-element_type=\"section\" data-e-type=\"section\">\n\t\t\t\t\t\t<div class=\"elementor-container elementor-column-gap-default\">\n\t\t\t\t\t<div class=\"elementor-column elementor-col-100 elementor-inner-column elementor-element elementor-element-62118c85\" data-id=\"62118c85\" data-element_type=\"column\" data-e-type=\"column\">\n\t\t\t<div class=\"elementor-widget-wrap elementor-element-populated\">\n\t\t\t\t\t\t<div class=\"elementor-element elementor-element-5f0a9be elementor-widget elementor-widget-text-editor\" data-id=\"5f0a9be\" data-element_type=\"widget\" data-e-type=\"widget\" data-widget_type=\"text-editor.default\">\n\t\t\t\t<div class=\"elementor-widget-container\">\n\t\t\t\t\t\t\t\t\t<p>Des syst\u00e8mes d&rsquo;agr\u00e9ment technique ne sont pas seulement organis\u00e9s en Belgique, mais dans la plupart des pays.<\/p>\n<p>Des syst\u00e8mes d\u2019agr\u00e9ment technique existent pour examiner et confirmer l\u2019aptitude \u00e0 l\u2019emploi de produits, kits et syst\u00e8mes uniques, innovants et complexes, ainsi que des produits et kits et syst\u00e8mes install\u00e9s, ex\u00e9cut\u00e9s, incorpor\u00e9s ou assembl\u00e9s \u00e0 l\u2019aide de techniques consid\u00e9r\u00e9es comme inhabituelles, c\u2019est-\u00e0-dire qui s\u2019\u00e9cartent des r\u00e8gles d\u2019art, en tenant compte de leur(s) utilisation(s) pr\u00e9vue(s). Les r\u00e8gles d\u2019art, tels que les Notes d\u2019Information Techniques publi\u00e9es par le CSTC en Belgique, peuvent avoir un statut et une forme diff\u00e9rents (normes, guides,\u2026) dans diff\u00e9rents pays et leur contenu correspond rarement.<\/p>\n<p>\u00c9tant donn\u00e9 que ces produits et\/ou techniques diff\u00e8rent des produits et kits traditionnels, leur utilisation dans les syst\u00e8mes de construction n\u2019est g\u00e9n\u00e9ralement pas document\u00e9e. Par cons\u00e9quent, les agr\u00e9ment techniques ne comprennent pas seulement des informations techniques sur le produit ou le kit, mais \u00e9galement des informations sur le syst\u00e8me dans lequel elles sont utilis\u00e9es.<\/p>\n<p>Les agr\u00e9ments techniques peuvent \u00e9galement \u00eatre appel\u00e9s \u00ab Approval certificate \u00bb, \u00ab Avis technique \u00bb, \u00ab Attest met productcertificaat \u00bb ou \u00ab Z\u00fclassung \u00bb dans d\u2019autres pays.<\/p>\n<p>Compte tenu des diff\u00e9rents syst\u00e8mes juridiques, traditions, usages, climat, g\u00e9ologie, etc. et des diff\u00e9rentes attentes des utilisateurs en mati\u00e8re de s\u00e9curit\u00e9, de qualit\u00e9, de confort et d&rsquo;utilisation des travaux de construction dans diff\u00e9rents pays, les produits, kits et syst\u00e8mes couverts par les agr\u00e9ments techniques, le les crit\u00e8res qui s&rsquo;appliquent et la fiabilit\u00e9 offerte par les processus d&rsquo;agr\u00e9ment technique diff\u00e8rent.<br \/>En outre, en raison des diff\u00e9rentes r\u00e8gles en mati\u00e8re d&rsquo;\u00e9ducation, de comp\u00e9tences, de responsabilit\u00e9s, d&rsquo;assurance et de responsabilit\u00e9 dans les diff\u00e9rents pays europ\u00e9ens pour les acteurs de la construction, le contenu des informations contenues dans les agr\u00e9ments techniques diff\u00e8re \u00e9galement.<br \/>Par cons\u00e9quent, les syst\u00e8mes d&rsquo;agr\u00e9ment technique dans diff\u00e9rents pays peuvent fonctionner diff\u00e9remment dans la pratique.<\/p>\n<p>Cela clarifie \u00e9galement pourquoi il n&rsquo;est g\u00e9n\u00e9ralement pas possible pour les fabricants d&rsquo;utiliser les agr\u00e9ments et les certificats destin\u00e9s \u00e0 un pays, dans un autre, m\u00eame si (certaines des) m\u00e9thodes utilis\u00e9es pour \u00e9valuer le produit ou le syst\u00e8me sont identiques ou similaires.<\/p>\n<p>Cependant, de nombreux produits sont mis sur le march\u00e9 dans plusieurs pays et les fabricants sont souvent int\u00e9ress\u00e9s par l&rsquo;obtention d&rsquo;agr\u00e9ment ou de certificats de produits dans plusieurs pays. Pour limiter les efforts et les co\u00fbts, les fabricants peuvent souhaiter qu&rsquo;un organisme d&rsquo;agr\u00e9ment contacte d&rsquo;autres organismes d&rsquo;agr\u00e9ment pour voir si et comment une collaboration peut \u00eatre \u00e9tablie.<\/p>\n<p>En raison des diff\u00e9rences, la d\u00e9livrance d&rsquo;un agr\u00e9ment technique par un organisme d&rsquo;agr\u00e9ment, simplement sur la base d&rsquo;un dossier technique et d&rsquo;un agr\u00e9ment ou d&rsquo;un certificat d\u00e9j\u00e0 existants (g\u00e9n\u00e9ralement appel\u00e9s \u00ab confirmation \u00bb ou \u00ab reconnaissance mutuelle \u00bb), est dans la plupart &#8211; sinon tous &#8211; les cas pas possibles, mais l&rsquo;acceptation (d&rsquo;une partie) du dossier technique d\u00e9j\u00e0 \u00e9tabli ou l&rsquo;\u00e9laboration simultan\u00e9e d&rsquo;un plan d&rsquo;\u00e9valuation sont certainement des possibilit\u00e9s.<\/p>\n<p>C&rsquo;est l&rsquo;une des raisons pour lesquelles UBAtc est membre \u00e0 la fois de l&rsquo;UEAtc et de la WFTAO.<br \/>Dans le cas o\u00f9 les fabricants seraient int\u00e9ress\u00e9s \u00e0 b\u00e9n\u00e9ficier du r\u00e9seau d&rsquo;organismes d&rsquo;agr\u00e9ment dont l\u2019UBAtc appartient, nous vous invitons \u00e0 contacter le secr\u00e9tariat de l&rsquo;UBAtc.<\/p>\n\t\t\t\t\t\t\t\t<\/div>\n\t\t\t\t<\/div>\n\t\t\t\t\t<\/div>\n\t\t<\/div>\n\t\t\t\t\t<\/div>\n\t\t<\/section>\n\t\t\t\t\t<\/div>\n\t\t<\/div>\n\t\t\t\t\t<\/div>\n\t\t<\/section>\n\t\t\t\t<section class=\"elementor-section elementor-top-section elementor-element elementor-element-8b8df3a feature-box elementor-section-boxed elementor-section-height-default elementor-section-height-default\" data-id=\"8b8df3a\" data-element_type=\"section\" data-e-type=\"section\">\n\t\t\t\t\t\t<div class=\"elementor-container elementor-column-gap-default\">\n\t\t\t\t\t<div class=\"elementor-column elementor-col-100 elementor-top-column elementor-element elementor-element-345f19b\" data-id=\"345f19b\" data-element_type=\"column\" data-e-type=\"column\">\n\t\t\t<div class=\"elementor-widget-wrap elementor-element-populated\">\n\t\t\t\t\t\t<div class=\"elementor-element elementor-element-31fd6b1 elementor-widget elementor-widget-html\" data-id=\"31fd6b1\" data-element_type=\"widget\" data-e-type=\"widget\" data-widget_type=\"html.default\">\n\t\t\t\t<div class=\"elementor-widget-container\">\n\t\t\t\t\t\n          <section class=\"portfolio-experiment\">\n  <a href=\"https:\/\/butgb-ubatc.be\/fr\/contact\/\">\n    <span class=\"text\">Contactez-nous<i class=\"fas fa-angle-right\" style=\"padding-left:10px; color:#BC0D1D\"><\/i><\/span>\n    <span class=\"line -right\"><\/span>\n    <span class=\"line -top\"><\/span>\n    <span class=\"line -left\"><\/span>\n    <span class=\"line -bottom\"><\/span>\n  <\/a>\n<\/section>\n        \t\t\t\t<\/div>\n\t\t\t\t<\/div>\n\t\t\t\t\t<\/div>\n\t\t<\/div>\n\t\t\t\t\t<\/div>\n\t\t<\/section>\n\t\t\t\t<section class=\"elementor-section elementor-top-section elementor-element elementor-element-6dfebdf feature-box elementor-section-boxed elementor-section-height-default elementor-section-height-default\" data-id=\"6dfebdf\" data-element_type=\"section\" data-e-type=\"section\">\n\t\t\t\t\t\t<div class=\"elementor-container elementor-column-gap-default\">\n\t\t\t\t\t<div class=\"elementor-column elementor-col-100 elementor-top-column elementor-element elementor-element-ca3df40\" data-id=\"ca3df40\" data-element_type=\"column\" data-e-type=\"column\">\n\t\t\t<div class=\"elementor-widget-wrap elementor-element-populated\">\n\t\t\t\t\t\t<div class=\"elementor-element elementor-element-f095dca elementor-widget elementor-widget-html\" data-id=\"f095dca\" data-element_type=\"widget\" data-e-type=\"widget\" data-widget_type=\"html.default\">\n\t\t\t\t<div class=\"elementor-widget-container\">\n\t\t\t\t\t\n          <section class=\"portfolio-experiment\">\n  <a href=\"https:\/\/butgb-ubatc.be\/fr\/a-propos\/ubatc-worldwide\/\">\n    <span class=\"text\">En savoir plus sur l'UEAtc et la WFTAO<i class=\"fas fa-angle-right\" style=\"padding-left:10px; color:#BC0D1D\"><\/i><\/span>\n    <span class=\"line -right\"><\/span>\n    <span class=\"line -top\"><\/span>\n    <span class=\"line -left\"><\/span>\n    <span class=\"line -bottom\"><\/span>\n  <\/a>\n<\/section>\n        \t\t\t\t<\/div>\n\t\t\t\t<\/div>\n\t\t\t\t\t<\/div>\n\t\t<\/div>\n\t\t\t\t\t<\/div>\n\t\t<\/section>\n\t\t\t\t<\/div>\n\t\t","protected":false},"excerpt":{"rendered":"<p>Confirmations (reconnaissance mutuelle) Des syst\u00e8mes d&rsquo;agr\u00e9ment technique ne sont pas seulement organis\u00e9s en Belgique, mais dans la plupart des pays. Des syst\u00e8mes d\u2019agr\u00e9ment technique existent pour examiner et confirmer l\u2019aptitude \u00e0 l\u2019emploi de produits, kits et syst\u00e8mes uniques, innovants et complexes, ainsi que des produits et kits et syst\u00e8mes install\u00e9s, ex\u00e9cut\u00e9s, incorpor\u00e9s ou assembl\u00e9s \u00e0 [&hellip;]<\/p>\n","protected":false},"author":3,"featured_media":0,"parent":15400,"menu_order":0,"comment_status":"closed","ping_status":"closed","template":"","meta":{"_acf_changed":false,"site-sidebar-layout":"no-sidebar","site-content-layout":"page-builder","ast-site-content-layout":"default","site-content-style":"default","site-sidebar-style":"default","ast-global-header-display":"","ast-banner-title-visibility":"","ast-main-header-display":"","ast-hfb-above-header-display":"","ast-hfb-below-header-display":"","ast-hfb-mobile-header-display":"","site-post-title":"disabled","ast-breadcrumbs-content":"","ast-featured-img":"disabled","footer-sml-layout":"","ast-disable-related-posts":"","theme-transparent-header-meta":"default","adv-header-id-meta":"","stick-header-meta":"","header-above-stick-meta":"","header-main-stick-meta":"","header-below-stick-meta":"","astra-migrate-meta-layouts":"default","ast-page-background-enabled":"default","ast-page-background-meta":{"desktop":{"background-color":"","background-image":"","background-repeat":"repeat","background-position":"center center","background-size":"auto","background-attachment":"scroll","background-type":"","background-media":"","overlay-type":"","overlay-color":"","overlay-opacity":"","overlay-gradient":""},"tablet":{"background-color":"","background-image":"","background-repeat":"repeat","background-position":"center center","background-size":"auto","background-attachment":"scroll","background-type":"","background-media":"","overlay-type":"","overlay-color":"","overlay-opacity":"","overlay-gradient":""},"mobile":{"background-color":"","background-image":"","background-repeat":"repeat","background-position":"center center","background-size":"auto","background-attachment":"scroll","background-type":"","background-media":"","overlay-type":"","overlay-color":"","overlay-opacity":"","overlay-gradient":""}},"ast-content-background-meta":{"desktop":{"background-color":"var(--ast-global-color-5)","background-image":"","background-repeat":"repeat","background-position":"center center","background-size":"auto","background-attachment":"scroll","background-type":"","background-media":"","overlay-type":"","overlay-color":"","overlay-opacity":"","overlay-gradient":""},"tablet":{"background-color":"var(--ast-global-color-5)","background-image":"","background-repeat":"repeat","background-position":"center center","background-size":"auto","background-attachment":"scroll","background-type":"","background-media":"","overlay-type":"","overlay-color":"","overlay-opacity":"","overlay-gradient":""},"mobile":{"background-color":"var(--ast-global-color-5)","background-image":"","background-repeat":"repeat","background-position":"center center","background-size":"auto","background-attachment":"scroll","background-type":"","background-media":"","overlay-type":"","overlay-color":"","overlay-opacity":"","overlay-gradient":""}},"footnotes":""},"class_list":["post-14175","page","type-page","status-publish","hentry"],"acf":[],"_links":{"self":[{"href":"https:\/\/butgb-ubatc.be\/fr\/wp-json\/wp\/v2\/pages\/14175","targetHints":{"allow":["GET"]}}],"collection":[{"href":"https:\/\/butgb-ubatc.be\/fr\/wp-json\/wp\/v2\/pages"}],"about":[{"href":"https:\/\/butgb-ubatc.be\/fr\/wp-json\/wp\/v2\/types\/page"}],"author":[{"embeddable":true,"href":"https:\/\/butgb-ubatc.be\/fr\/wp-json\/wp\/v2\/users\/3"}],"replies":[{"embeddable":true,"href":"https:\/\/butgb-ubatc.be\/fr\/wp-json\/wp\/v2\/comments?post=14175"}],"version-history":[{"count":7,"href":"https:\/\/butgb-ubatc.be\/fr\/wp-json\/wp\/v2\/pages\/14175\/revisions"}],"predecessor-version":[{"id":21995,"href":"https:\/\/butgb-ubatc.be\/fr\/wp-json\/wp\/v2\/pages\/14175\/revisions\/21995"}],"up":[{"embeddable":true,"href":"https:\/\/butgb-ubatc.be\/fr\/wp-json\/wp\/v2\/pages\/15400"}],"wp:attachment":[{"href":"https:\/\/butgb-ubatc.be\/fr\/wp-json\/wp\/v2\/media?parent=14175"}],"curies":[{"name":"wp","href":"https:\/\/api.w.org\/{rel}","templated":true}]}}