{"id":14162,"date":"2021-01-16T16:33:17","date_gmt":"2021-01-16T15:33:17","guid":{"rendered":"https:\/\/butgb-ubatc.be\/applying-for-atg\/"},"modified":"2021-01-31T12:34:01","modified_gmt":"2021-01-31T11:34:01","slug":"applying-for-atg","status":"publish","type":"page","link":"https:\/\/butgb-ubatc.be\/fr\/deliverables\/national-technical-approval-atg\/applying-for-atg\/","title":{"rendered":"La demande d&rsquo;Agr\u00e9ment Technique (ATG)"},"content":{"rendered":"\t\t<div data-elementor-type=\"wp-page\" data-elementor-id=\"14162\" class=\"elementor elementor-14162\" data-elementor-post-type=\"page\">\n\t\t\t\t\t\t<section class=\"elementor-section elementor-top-section elementor-element elementor-element-3ce44c27 elementor-section-full_width elementor-section-height-min-height elementor-section-items-bottom elementor-section-content-middle elementor-section-height-default\" data-id=\"3ce44c27\" data-element_type=\"section\" data-e-type=\"section\" data-settings=\"{&quot;background_background&quot;:&quot;classic&quot;,&quot;background_motion_fx_motion_fx_scrolling&quot;:&quot;yes&quot;,&quot;background_motion_fx_translateY_effect&quot;:&quot;yes&quot;,&quot;background_motion_fx_translateY_direction&quot;:&quot;negative&quot;,&quot;background_motion_fx_translateY_speed&quot;:{&quot;unit&quot;:&quot;px&quot;,&quot;size&quot;:5.6,&quot;sizes&quot;:[]},&quot;background_motion_fx_translateY_affectedRange&quot;:{&quot;unit&quot;:&quot;%&quot;,&quot;size&quot;:&quot;&quot;,&quot;sizes&quot;:{&quot;start&quot;:0,&quot;end&quot;:100}},&quot;background_motion_fx_devices&quot;:[&quot;desktop&quot;,&quot;tablet&quot;,&quot;mobile&quot;]}\">\n\t\t\t\t\t\t\t<div class=\"elementor-background-overlay\"><\/div>\n\t\t\t\t\t\t\t<div class=\"elementor-container elementor-column-gap-default\">\n\t\t\t\t\t<div class=\"elementor-column elementor-col-100 elementor-top-column elementor-element elementor-element-4f1477d7\" data-id=\"4f1477d7\" data-element_type=\"column\" data-e-type=\"column\">\n\t\t\t<div class=\"elementor-widget-wrap elementor-element-populated\">\n\t\t\t\t\t\t<div class=\"elementor-element elementor-element-7e997cd4 elementor-widget elementor-widget-heading\" data-id=\"7e997cd4\" data-element_type=\"widget\" data-e-type=\"widget\" data-widget_type=\"heading.default\">\n\t\t\t\t<div class=\"elementor-widget-container\">\n\t\t\t\t\t<h2 class=\"elementor-heading-title elementor-size-default\">Demande d'Agr\u00e9ment Technique (ATG)<\/h2>\t\t\t\t<\/div>\n\t\t\t\t<\/div>\n\t\t\t\t<div class=\"elementor-element elementor-element-5b04e52b elementor-widget-divider--view-line elementor-widget elementor-widget-divider\" data-id=\"5b04e52b\" data-element_type=\"widget\" data-e-type=\"widget\" data-widget_type=\"divider.default\">\n\t\t\t\t<div class=\"elementor-widget-container\">\n\t\t\t\t\t\t\t<div class=\"elementor-divider\">\n\t\t\t<span class=\"elementor-divider-separator\">\n\t\t\t\t\t\t<\/span>\n\t\t<\/div>\n\t\t\t\t\t\t<\/div>\n\t\t\t\t<\/div>\n\t\t\t\t\t<\/div>\n\t\t<\/div>\n\t\t\t\t\t<\/div>\n\t\t<\/section>\n\t\t\t\t<section class=\"elementor-section elementor-top-section elementor-element elementor-element-271b45a5 elementor-section-boxed elementor-section-height-default elementor-section-height-default\" data-id=\"271b45a5\" data-element_type=\"section\" data-e-type=\"section\" data-settings=\"{&quot;background_background&quot;:&quot;classic&quot;}\">\n\t\t\t\t\t\t\t<div class=\"elementor-background-overlay\"><\/div>\n\t\t\t\t\t\t\t<div class=\"elementor-container elementor-column-gap-default\">\n\t\t\t\t\t<div class=\"elementor-column elementor-col-100 elementor-top-column elementor-element elementor-element-1ec9a6eb\" data-id=\"1ec9a6eb\" data-element_type=\"column\" data-e-type=\"column\">\n\t\t\t<div class=\"elementor-widget-wrap elementor-element-populated\">\n\t\t\t\t\t\t<div class=\"elementor-element elementor-element-18090999 elementor-widget elementor-widget-text-editor\" data-id=\"18090999\" data-element_type=\"widget\" data-e-type=\"widget\" data-widget_type=\"text-editor.default\">\n\t\t\t\t<div class=\"elementor-widget-container\">\n\t\t\t\t\t\t\t\t\t<p>\n            <strong>Proc\u00e9dure<\/strong>\n          <\/p>\n<p>Si vous \u00eates un acteur du secteur de la construction et vous souhaitez engager la d\u00e9marche en vue d&rsquo;obtenir un agr\u00e9ment technique, il vous est fortement conseill\u00e9 de prendre en compte les points suivants afin d&rsquo;optimiser la proc\u00e9dure du point de vue des co\u00fbts et pour \u00e9viter les retards.<\/p>\n<p>L\u2019Agr\u00e9ment Technique ATG est un instrument destin\u00e9 \u00e0 faciliter l&rsquo;acceptation du produit ou syst\u00e8me relevant de l\u2019agr\u00e9ment par le secteur belge de la construction (assureurs, services d&rsquo;inspection de la construction&#8230;) et en particulier par les prescripteurs (adjudicateurs publics et architectes) et les entrepreneurs (installateurs, monteurs). La demande d&rsquo;agr\u00e9ment technique, ATG, est une initiative volontaire prise par le demandeur. Il n&rsquo;y a pas d&rsquo;exigence l\u00e9gale qui oblige les produits \u00e0 \u00eatre couverts par un Agr\u00e9ment Technique, ATG.<\/p>\n<p>Les Agr\u00e9ments Techniques ATG concernent des produits et syst\u00e8mes uniques, innovants et complexes.<\/p>\n<p>L&rsquo;Agr\u00e9ment Technique vise \u00e0 informer le secteur belge de la construction que le produit ou le syst\u00e8me dans lequel le produit est utilis\u00e9, est adapt\u00e9 \u00e0 l&rsquo;usage pr\u00e9vu, est conforme \u00e0 la l\u00e9gislation belge sur les travaux et peut \u00eatre install\u00e9, incorpor\u00e9, ex\u00e9cut\u00e9 ou assembl\u00e9 conform\u00e9ment \u00e0 l&rsquo;\u00e9tat de l&rsquo;art belge g\u00e9n\u00e9ralement applicable et sans risques excessifs. Les produits sous agr\u00e9ment technique font toujours l\u2019objet d&rsquo;une certification afin de s\u2019assurer que le produit mentionn\u00e9 dans le texte d\u2019agr\u00e9ment technique corresponde \u00e0 celui commercialis\u00e9 sur le march\u00e9 belge.<\/p>\n<p>Pour introduire une demande, le demandeur doit \u00eatre d\u00e9tenteur de la propri\u00e9t\u00e9 industrielle ou agir avec le consentement de l&rsquo;entit\u00e9 qui la d\u00e9tient.<\/p>\n<p>\n            <strong>R\u00e8gles<\/strong>\n          <\/p>\n<p>Une lecture attentive des diff\u00e9rents documents r\u00e9gissant le processus d&rsquo;obtention et de maintien d&rsquo;un agr\u00e9ment technique permettra au demandeur de comprendre le fonctionnement du processus.<\/p>\n<p>Les t\u00e2ches et responsabilit\u00e9s ainsi que la composition et le fonctionnement des structures de l&rsquo;UBAtc se trouvent dans les statuts de l&rsquo;organisation et dans le <a href=\"https:\/\/butgb-ubatc.be\/wp-content\/uploads\/2020\/11\/AHR_-_ROI_2012-07-01.pdf\">R\u00e8glement d&rsquo;ordre int\u00e9rieur<\/a> (ces documents sont uniquement disponibles en fran\u00e7ais et en n\u00e9erlandais).<\/p>\n<p>Toutes les informations pratiques relatives \u00e0 la demande et \u00e0 la d\u00e9livrance des agr\u00e9ments techniques et autres d\u00e9clarations d\u2019aptitude \u00e0 l\u2019emploi associ\u00e9es d\u00e9livr\u00e9s par l\u2019UBAtc, la certification bas\u00e9e sur celles-ci ainsi que l\u2019examen d\u2019agr\u00e9ment se trouvent dans le <a href=\"https:\/\/butgb-ubatc.be\/wp-content\/uploads\/2020\/11\/AGCR-RGAC-VERSIE-2019-02-30-FIN.pdf\" target=\"_blank\" rel=\"noopener\">R\u00e8glement g\u00e9n\u00e9ral d\u2019agr\u00e9ment et de certification<\/a>. Les frais d\u2019agr\u00e9ment et de certification sont en partie indiqu\u00e9s dans une annexe \u00e0 ce r\u00e8glement qui peut \u00eatre mise \u00e0 jour. Les co\u00fbts qui ne sont pas inclus dans la pr\u00e9sente annexe seront mis \u00e0 disposition par les op\u00e9rateurs concern\u00e9s.<\/p>\n<p>Le <a href=\"https:\/\/butgb-ubatc.be\/wp-content\/uploads\/2022\/12\/Regulations-governing-the-use-and-control-of-the-ATG-figurative-mark-version-2022-12-13-2.pdf\" target=\"_blank\" rel=\"noopener\">r\u00e8glement relatif \u00e0 l&rsquo;usage et \u00e0 la protection de la marque ATG<\/a> r\u00e9git la mani\u00e8re dont la marque ATG peut \u00eatre utilis\u00e9e.<\/p>\n<p>\n            <b><br \/>\n              <span data-contrast=\"none\">Introduction d&rsquo;une demande<\/span><br \/>\n            <\/b><br \/>\n            <span data-ccp-props=\"{\"> <\/span>\n          <\/p>\n<p><span data-contrast=\"none\">Une demande doit \u00eatre introduite en utilisant le formulaire ad\u00e9quat d\u00fbment compl\u00e9t\u00e9 et accompagn\u00e9 des documents demand\u00e9s (par exemple le dossier technique). Ce formulaire doit \u00eatre soumis \u00e0<\/span><a href=\"mailto:info@butgb-ubatc.be\"><span data-contrast=\"none\">info@butgb-ubatc.be<\/span><\/a><span data-contrast=\"none\">. Vous trouverez de plus amples informations sur le dossier technique dans le <\/span><a href=\"https:\/\/butgb-ubatc.be\/wp-content\/uploads\/2020\/11\/AGCR-RGAC-VERSIE-2019-02-30-FIN.pdf\" target=\"_blank\" rel=\"noopener\"><span data-contrast=\"none\">R\u00e8glement g\u00e9n\u00e9ral d&rsquo;agr\u00e9ment et de certification<\/span><\/a><span data-contrast=\"none\">. Pour que votre demande soit consid\u00e9r\u00e9e comme recevable, le contenu du dossier technique doit \u00eatre complet.<\/span><\/p>\n\t\t\t\t\t\t\t\t<\/div>\n\t\t\t\t<\/div>\n\t\t\t\t<div class=\"elementor-element elementor-element-2cd7a19 elementor-align-center elementor-widget elementor-widget-button\" data-id=\"2cd7a19\" data-element_type=\"widget\" data-e-type=\"widget\" data-widget_type=\"button.default\">\n\t\t\t\t<div class=\"elementor-widget-container\">\n\t\t\t\t\t\t\t\t\t<div class=\"elementor-button-wrapper\">\n\t\t\t\t\t<a class=\"elementor-button elementor-button-link elementor-size-md\" href=\"https:\/\/butgb-ubatc.be\/fr\/resources\/?reso=1\">\n\t\t\t\t\t\t<span class=\"elementor-button-content-wrapper\">\n\t\t\t\t\t\t\t\t\t<span class=\"elementor-button-text\">Voir la liste des formulaires de demande<\/span>\n\t\t\t\t\t<\/span>\n\t\t\t\t\t<\/a>\n\t\t\t\t<\/div>\n\t\t\t\t\t\t\t\t<\/div>\n\t\t\t\t<\/div>\n\t\t\t\t\t<\/div>\n\t\t<\/div>\n\t\t\t\t\t<\/div>\n\t\t<\/section>\n\t\t\t\t<\/div>\n\t\t","protected":false},"excerpt":{"rendered":"<p>Demande d&rsquo;Agr\u00e9ment Technique (ATG) Proc\u00e9dure Si vous \u00eates un acteur du secteur de la construction et vous souhaitez engager la d\u00e9marche en vue d&rsquo;obtenir un agr\u00e9ment technique, il vous est fortement conseill\u00e9 de prendre en compte les points suivants afin d&rsquo;optimiser la proc\u00e9dure du point de vue des co\u00fbts et pour \u00e9viter les retards. L\u2019Agr\u00e9ment [&hellip;]<\/p>\n","protected":false},"author":3,"featured_media":0,"parent":15400,"menu_order":0,"comment_status":"closed","ping_status":"closed","template":"","meta":{"_acf_changed":false,"site-sidebar-layout":"no-sidebar","site-content-layout":"page-builder","ast-site-content-layout":"default","site-content-style":"default","site-sidebar-style":"default","ast-global-header-display":"","ast-banner-title-visibility":"","ast-main-header-display":"","ast-hfb-above-header-display":"","ast-hfb-below-header-display":"","ast-hfb-mobile-header-display":"","site-post-title":"disabled","ast-breadcrumbs-content":"","ast-featured-img":"disabled","footer-sml-layout":"","ast-disable-related-posts":"","theme-transparent-header-meta":"default","adv-header-id-meta":"","stick-header-meta":"","header-above-stick-meta":"","header-main-stick-meta":"","header-below-stick-meta":"","astra-migrate-meta-layouts":"default","ast-page-background-enabled":"default","ast-page-background-meta":{"desktop":{"background-color":"","background-image":"","background-repeat":"repeat","background-position":"center center","background-size":"auto","background-attachment":"scroll","background-type":"","background-media":"","overlay-type":"","overlay-color":"","overlay-opacity":"","overlay-gradient":""},"tablet":{"background-color":"","background-image":"","background-repeat":"repeat","background-position":"center center","background-size":"auto","background-attachment":"scroll","background-type":"","background-media":"","overlay-type":"","overlay-color":"","overlay-opacity":"","overlay-gradient":""},"mobile":{"background-color":"","background-image":"","background-repeat":"repeat","background-position":"center center","background-size":"auto","background-attachment":"scroll","background-type":"","background-media":"","overlay-type":"","overlay-color":"","overlay-opacity":"","overlay-gradient":""}},"ast-content-background-meta":{"desktop":{"background-color":"var(--ast-global-color-5)","background-image":"","background-repeat":"repeat","background-position":"center center","background-size":"auto","background-attachment":"scroll","background-type":"","background-media":"","overlay-type":"","overlay-color":"","overlay-opacity":"","overlay-gradient":""},"tablet":{"background-color":"var(--ast-global-color-5)","background-image":"","background-repeat":"repeat","background-position":"center center","background-size":"auto","background-attachment":"scroll","background-type":"","background-media":"","overlay-type":"","overlay-color":"","overlay-opacity":"","overlay-gradient":""},"mobile":{"background-color":"var(--ast-global-color-5)","background-image":"","background-repeat":"repeat","background-position":"center center","background-size":"auto","background-attachment":"scroll","background-type":"","background-media":"","overlay-type":"","overlay-color":"","overlay-opacity":"","overlay-gradient":""}},"footnotes":""},"class_list":["post-14162","page","type-page","status-publish","hentry"],"acf":[],"_links":{"self":[{"href":"https:\/\/butgb-ubatc.be\/fr\/wp-json\/wp\/v2\/pages\/14162","targetHints":{"allow":["GET"]}}],"collection":[{"href":"https:\/\/butgb-ubatc.be\/fr\/wp-json\/wp\/v2\/pages"}],"about":[{"href":"https:\/\/butgb-ubatc.be\/fr\/wp-json\/wp\/v2\/types\/page"}],"author":[{"embeddable":true,"href":"https:\/\/butgb-ubatc.be\/fr\/wp-json\/wp\/v2\/users\/3"}],"replies":[{"embeddable":true,"href":"https:\/\/butgb-ubatc.be\/fr\/wp-json\/wp\/v2\/comments?post=14162"}],"version-history":[{"count":10,"href":"https:\/\/butgb-ubatc.be\/fr\/wp-json\/wp\/v2\/pages\/14162\/revisions"}],"predecessor-version":[{"id":21988,"href":"https:\/\/butgb-ubatc.be\/fr\/wp-json\/wp\/v2\/pages\/14162\/revisions\/21988"}],"up":[{"embeddable":true,"href":"https:\/\/butgb-ubatc.be\/fr\/wp-json\/wp\/v2\/pages\/15400"}],"wp:attachment":[{"href":"https:\/\/butgb-ubatc.be\/fr\/wp-json\/wp\/v2\/media?parent=14162"}],"curies":[{"name":"wp","href":"https:\/\/api.w.org\/{rel}","templated":true}]}}