{"id":13953,"date":"2021-01-15T16:03:23","date_gmt":"2021-01-15T15:03:23","guid":{"rendered":"https:\/\/butgb-ubatc.be\/deliverables\/certification\/"},"modified":"2021-01-31T09:46:11","modified_gmt":"2021-01-31T08:46:11","slug":"certification","status":"publish","type":"page","link":"https:\/\/butgb-ubatc.be\/fr\/deliverables\/certification\/","title":{"rendered":"La certification de produit"},"content":{"rendered":"\t\t<div data-elementor-type=\"wp-page\" data-elementor-id=\"13953\" class=\"elementor elementor-13953\" data-elementor-post-type=\"page\">\n\t\t\t\t\t\t<section class=\"elementor-section elementor-top-section elementor-element elementor-element-6bee3f51 elementor-section-full_width elementor-section-stretched elementor-section-height-default elementor-section-height-default\" data-id=\"6bee3f51\" data-element_type=\"section\" data-e-type=\"section\" data-settings=\"{&quot;stretch_section&quot;:&quot;section-stretched&quot;,&quot;background_background&quot;:&quot;classic&quot;,&quot;background_motion_fx_motion_fx_scrolling&quot;:&quot;yes&quot;,&quot;background_motion_fx_translateY_effect&quot;:&quot;yes&quot;,&quot;background_motion_fx_translateY_direction&quot;:&quot;negative&quot;,&quot;background_motion_fx_translateY_speed&quot;:{&quot;unit&quot;:&quot;px&quot;,&quot;size&quot;:5.6,&quot;sizes&quot;:[]},&quot;background_motion_fx_translateY_affectedRange&quot;:{&quot;unit&quot;:&quot;%&quot;,&quot;size&quot;:&quot;&quot;,&quot;sizes&quot;:{&quot;start&quot;:0,&quot;end&quot;:100}},&quot;background_motion_fx_devices&quot;:[&quot;desktop&quot;,&quot;tablet&quot;,&quot;mobile&quot;]}\">\n\t\t\t\t\t\t\t<div class=\"elementor-background-overlay\"><\/div>\n\t\t\t\t\t\t\t<div class=\"elementor-container elementor-column-gap-no\">\n\t\t\t\t\t<div class=\"elementor-column elementor-col-100 elementor-top-column elementor-element elementor-element-14857b27\" data-id=\"14857b27\" data-element_type=\"column\" data-e-type=\"column\">\n\t\t\t<div class=\"elementor-widget-wrap elementor-element-populated\">\n\t\t\t\t\t\t<section class=\"elementor-section elementor-inner-section elementor-element elementor-element-7142e467 elementor-section-full_width elementor-section-height-min-height elementor-section-content-bottom elementor-section-height-default\" data-id=\"7142e467\" data-element_type=\"section\" data-e-type=\"section\" data-settings=\"{&quot;background_background&quot;:&quot;classic&quot;}\">\n\t\t\t\t\t\t\t<div class=\"elementor-background-overlay\"><\/div>\n\t\t\t\t\t\t\t<div class=\"elementor-container elementor-column-gap-default\">\n\t\t\t\t\t<div class=\"elementor-column elementor-col-100 elementor-inner-column elementor-element elementor-element-5e804f20\" data-id=\"5e804f20\" data-element_type=\"column\" data-e-type=\"column\">\n\t\t\t<div class=\"elementor-widget-wrap elementor-element-populated\">\n\t\t\t\t\t\t<div class=\"elementor-element elementor-element-e534705 elementor-widget elementor-widget-heading\" data-id=\"e534705\" data-element_type=\"widget\" data-e-type=\"widget\" data-widget_type=\"heading.default\">\n\t\t\t\t<div class=\"elementor-widget-container\">\n\t\t\t\t\t<h2 class=\"elementor-heading-title elementor-size-default\">La certification de produit<\/h2>\t\t\t\t<\/div>\n\t\t\t\t<\/div>\n\t\t\t\t<div class=\"elementor-element elementor-element-c5673f4 elementor-widget-divider--view-line elementor-widget elementor-widget-divider\" data-id=\"c5673f4\" data-element_type=\"widget\" data-e-type=\"widget\" data-widget_type=\"divider.default\">\n\t\t\t\t<div class=\"elementor-widget-container\">\n\t\t\t\t\t\t\t<div class=\"elementor-divider\">\n\t\t\t<span class=\"elementor-divider-separator\">\n\t\t\t\t\t\t<\/span>\n\t\t<\/div>\n\t\t\t\t\t\t<\/div>\n\t\t\t\t<\/div>\n\t\t\t\t\t<\/div>\n\t\t<\/div>\n\t\t\t\t\t<\/div>\n\t\t<\/section>\n\t\t\t\t<section class=\"elementor-section elementor-inner-section elementor-element elementor-element-42e295e9 noshadow elementor-section-boxed elementor-section-height-default elementor-section-height-default\" data-id=\"42e295e9\" data-element_type=\"section\" data-e-type=\"section\">\n\t\t\t\t\t\t<div class=\"elementor-container elementor-column-gap-default\">\n\t\t\t\t\t<div class=\"elementor-column elementor-col-100 elementor-inner-column elementor-element elementor-element-87ebc02\" data-id=\"87ebc02\" data-element_type=\"column\" data-e-type=\"column\">\n\t\t\t<div class=\"elementor-widget-wrap elementor-element-populated\">\n\t\t\t\t\t\t<div class=\"elementor-element elementor-element-7318dae6 elementor-widget elementor-widget-text-editor\" data-id=\"7318dae6\" data-element_type=\"widget\" data-e-type=\"widget\" data-widget_type=\"text-editor.default\">\n\t\t\t\t<div class=\"elementor-widget-container\">\n\t\t\t\t\t\t\t\t\t<p>Les produits sous agr\u00e9ment technique font toujours l\u2019objet d&rsquo;une certification afin de s\u2019assurer que le produit mentionn\u00e9 dans le texte d\u2019agr\u00e9ment technique corresponde \u00e0 celui commercialis\u00e9 sur le march\u00e9 belge.<\/p>\n<p>Dans le cadre des agr\u00e9ments techniques, la certification de produit est une \u00e9valuation et une attestation impartiale r\u00e9alis\u00e9e par des tiers, les op\u00e9rateurs de certification d\u00e9sign\u00e9s par l&rsquo;UBAtc, que le respect des exigences sp\u00e9cifi\u00e9es dans le texte de l&rsquo;agr\u00e9ment technique a \u00e9t\u00e9 d\u00e9montr\u00e9.<\/p>\n<p>Contrairement \u00e0 la plupart des autres syst\u00e8mes de certification, le respect continu des exigences n\u2019est pas document\u00e9 dans un certificat s\u00e9par\u00e9, mais dans le texte d\u2019agr\u00e9ment technique. La disponibilit\u00e9 du texte d\u2019agr\u00e9ment technique sur le site web de l\u2019UBAtc suppose que les produits mis sur le march\u00e9 belge remplissent les conditions du texte d\u2019agr\u00e9ment technique.<\/p>\n<p>\u00c9tant donn\u00e9 que le processus d&rsquo;agr\u00e9ment technique part d&rsquo;une approche au cas par cas bas\u00e9e sur les risques, le contenu de la certification peut varier d&rsquo;un domaine technique \u00e0 l&rsquo;autre et peut m\u00eame varier d&rsquo;un produit \u00e0 l&rsquo;autre.<\/p>\n<p>Pour ceux qui connaissent les activit\u00e9s de certification, le sch\u00e9ma de certification de produit utilis\u00e9 est de type 5 conform\u00e9ment \u00e0 NBN EN ISO\/IEC 17067, c&rsquo;est-\u00e0-dire qu&rsquo;il concerne<\/p>\n<ul>\n<li>les essais d&rsquo;agr\u00e9ment, accept\u00e9s par l&rsquo;op\u00e9rateur de certification comme essais de type,<\/li>\n<li>\u00e9valuation initiale et p\u00e9riodique du processus de production et audit du syst\u00e8me de gestion, et<\/li>\n<li>tests p\u00e9riodiques des produits \u00e0 partir du point de production et du march\u00e9<\/li>\n<\/ul>\n<p>L&rsquo;\u00e9valuation initiale du processus de production et du syst\u00e8me de gestion est normalement effectu\u00e9e pendant le processus d&rsquo;agr\u00e9ment.<\/p>\n<p>Dans certains cas, garantir que l\u2019\u00e9valuation de l\u2019aptitude \u00e0 l\u2019emploi des produits et la certification des produits concern\u00e9s peuvent \u00eatre consid\u00e9r\u00e9s comme insuffisants pour pr\u00e9venir les risques sur les chantiers de construction. Dans de tels cas, l\u2019op\u00e9rateur d\u2019agr\u00e9ment et\/ou de certification peut juger n\u00e9cessaire de pr\u00e9voir des mesures suppl\u00e9mentaires, telles que la certification des mati\u00e8res premi\u00e8res ou des composants, la formation des concepteurs et\/ou des entrepreneurs, etc.<\/p>\n\t\t\t\t\t\t\t\t<\/div>\n\t\t\t\t<\/div>\n\t\t\t\t\t<\/div>\n\t\t<\/div>\n\t\t\t\t\t<\/div>\n\t\t<\/section>\n\t\t\t\t\t<\/div>\n\t\t<\/div>\n\t\t\t\t\t<\/div>\n\t\t<\/section>\n\t\t\t\t<\/div>\n\t\t","protected":false},"excerpt":{"rendered":"<p>La certification de produit Les produits sous agr\u00e9ment technique font toujours l\u2019objet d&rsquo;une certification afin de s\u2019assurer que le produit mentionn\u00e9 dans le texte d\u2019agr\u00e9ment technique corresponde \u00e0 celui commercialis\u00e9 sur le march\u00e9 belge. Dans le cadre des agr\u00e9ments techniques, la certification de produit est une \u00e9valuation et une attestation impartiale r\u00e9alis\u00e9e par des tiers, [&hellip;]<\/p>\n","protected":false},"author":3,"featured_media":0,"parent":4471,"menu_order":0,"comment_status":"closed","ping_status":"closed","template":"","meta":{"_acf_changed":false,"site-sidebar-layout":"no-sidebar","site-content-layout":"page-builder","ast-site-content-layout":"default","site-content-style":"default","site-sidebar-style":"default","ast-global-header-display":"","ast-banner-title-visibility":"","ast-main-header-display":"","ast-hfb-above-header-display":"","ast-hfb-below-header-display":"","ast-hfb-mobile-header-display":"","site-post-title":"disabled","ast-breadcrumbs-content":"","ast-featured-img":"disabled","footer-sml-layout":"","ast-disable-related-posts":"","theme-transparent-header-meta":"default","adv-header-id-meta":"","stick-header-meta":"","header-above-stick-meta":"","header-main-stick-meta":"","header-below-stick-meta":"","astra-migrate-meta-layouts":"default","ast-page-background-enabled":"default","ast-page-background-meta":{"desktop":{"background-color":"","background-image":"","background-repeat":"repeat","background-position":"center center","background-size":"auto","background-attachment":"scroll","background-type":"","background-media":"","overlay-type":"","overlay-color":"","overlay-opacity":"","overlay-gradient":""},"tablet":{"background-color":"","background-image":"","background-repeat":"repeat","background-position":"center center","background-size":"auto","background-attachment":"scroll","background-type":"","background-media":"","overlay-type":"","overlay-color":"","overlay-opacity":"","overlay-gradient":""},"mobile":{"background-color":"","background-image":"","background-repeat":"repeat","background-position":"center center","background-size":"auto","background-attachment":"scroll","background-type":"","background-media":"","overlay-type":"","overlay-color":"","overlay-opacity":"","overlay-gradient":""}},"ast-content-background-meta":{"desktop":{"background-color":"var(--ast-global-color-5)","background-image":"","background-repeat":"repeat","background-position":"center center","background-size":"auto","background-attachment":"scroll","background-type":"","background-media":"","overlay-type":"","overlay-color":"","overlay-opacity":"","overlay-gradient":""},"tablet":{"background-color":"var(--ast-global-color-5)","background-image":"","background-repeat":"repeat","background-position":"center center","background-size":"auto","background-attachment":"scroll","background-type":"","background-media":"","overlay-type":"","overlay-color":"","overlay-opacity":"","overlay-gradient":""},"mobile":{"background-color":"var(--ast-global-color-5)","background-image":"","background-repeat":"repeat","background-position":"center center","background-size":"auto","background-attachment":"scroll","background-type":"","background-media":"","overlay-type":"","overlay-color":"","overlay-opacity":"","overlay-gradient":""}},"footnotes":""},"class_list":["post-13953","page","type-page","status-publish","hentry"],"acf":[],"_links":{"self":[{"href":"https:\/\/butgb-ubatc.be\/fr\/wp-json\/wp\/v2\/pages\/13953","targetHints":{"allow":["GET"]}}],"collection":[{"href":"https:\/\/butgb-ubatc.be\/fr\/wp-json\/wp\/v2\/pages"}],"about":[{"href":"https:\/\/butgb-ubatc.be\/fr\/wp-json\/wp\/v2\/types\/page"}],"author":[{"embeddable":true,"href":"https:\/\/butgb-ubatc.be\/fr\/wp-json\/wp\/v2\/users\/3"}],"replies":[{"embeddable":true,"href":"https:\/\/butgb-ubatc.be\/fr\/wp-json\/wp\/v2\/comments?post=13953"}],"version-history":[{"count":8,"href":"https:\/\/butgb-ubatc.be\/fr\/wp-json\/wp\/v2\/pages\/13953\/revisions"}],"predecessor-version":[{"id":20911,"href":"https:\/\/butgb-ubatc.be\/fr\/wp-json\/wp\/v2\/pages\/13953\/revisions\/20911"}],"up":[{"embeddable":true,"href":"https:\/\/butgb-ubatc.be\/fr\/wp-json\/wp\/v2\/pages\/4471"}],"wp:attachment":[{"href":"https:\/\/butgb-ubatc.be\/fr\/wp-json\/wp\/v2\/media?parent=13953"}],"curies":[{"name":"wp","href":"https:\/\/api.w.org\/{rel}","templated":true}]}}