{"id":13876,"date":"2021-01-15T11:47:41","date_gmt":"2021-01-15T10:47:41","guid":{"rendered":"https:\/\/butgb-ubatc.be\/benor\/"},"modified":"2021-01-31T09:29:31","modified_gmt":"2021-01-31T08:29:31","slug":"benor","status":"publish","type":"page","link":"https:\/\/butgb-ubatc.be\/fr\/benor\/","title":{"rendered":"Benor"},"content":{"rendered":"\t\t<div data-elementor-type=\"wp-page\" data-elementor-id=\"13876\" class=\"elementor elementor-13876\" data-elementor-post-type=\"page\">\n\t\t\t\t\t\t<section class=\"elementor-section elementor-top-section elementor-element elementor-element-5c05242b elementor-section-full_width elementor-section-height-min-height elementor-section-items-bottom elementor-section-content-middle elementor-section-height-default\" data-id=\"5c05242b\" data-element_type=\"section\" data-e-type=\"section\" data-settings=\"{&quot;background_background&quot;:&quot;classic&quot;,&quot;background_motion_fx_motion_fx_scrolling&quot;:&quot;yes&quot;,&quot;background_motion_fx_translateY_effect&quot;:&quot;yes&quot;,&quot;background_motion_fx_translateY_direction&quot;:&quot;negative&quot;,&quot;background_motion_fx_translateY_speed&quot;:{&quot;unit&quot;:&quot;px&quot;,&quot;size&quot;:5.6,&quot;sizes&quot;:[]},&quot;background_motion_fx_translateY_affectedRange&quot;:{&quot;unit&quot;:&quot;%&quot;,&quot;size&quot;:&quot;&quot;,&quot;sizes&quot;:{&quot;start&quot;:0,&quot;end&quot;:100}},&quot;background_motion_fx_devices&quot;:[&quot;desktop&quot;,&quot;tablet&quot;,&quot;mobile&quot;]}\">\n\t\t\t\t\t\t\t<div class=\"elementor-background-overlay\"><\/div>\n\t\t\t\t\t\t\t<div class=\"elementor-container elementor-column-gap-default\">\n\t\t\t\t\t<div class=\"elementor-column elementor-col-100 elementor-top-column elementor-element elementor-element-7db61a78\" data-id=\"7db61a78\" data-element_type=\"column\" data-e-type=\"column\">\n\t\t\t<div class=\"elementor-widget-wrap elementor-element-populated\">\n\t\t\t\t\t\t<div class=\"elementor-element elementor-element-15012c0b elementor-widget elementor-widget-heading\" data-id=\"15012c0b\" data-element_type=\"widget\" data-e-type=\"widget\" data-widget_type=\"heading.default\">\n\t\t\t\t<div class=\"elementor-widget-container\">\n\t\t\t\t\t<h2 class=\"elementor-heading-title elementor-size-default\">LA LICENCE BENOR<\/h2>\t\t\t\t<\/div>\n\t\t\t\t<\/div>\n\t\t\t\t<div class=\"elementor-element elementor-element-76d76299 elementor-widget-divider--view-line elementor-widget elementor-widget-divider\" data-id=\"76d76299\" data-element_type=\"widget\" data-e-type=\"widget\" data-widget_type=\"divider.default\">\n\t\t\t\t<div class=\"elementor-widget-container\">\n\t\t\t\t\t\t\t<div class=\"elementor-divider\">\n\t\t\t<span class=\"elementor-divider-separator\">\n\t\t\t\t\t\t<\/span>\n\t\t<\/div>\n\t\t\t\t\t\t<\/div>\n\t\t\t\t<\/div>\n\t\t\t\t\t<\/div>\n\t\t<\/div>\n\t\t\t\t\t<\/div>\n\t\t<\/section>\n\t\t\t\t<section class=\"elementor-section elementor-top-section elementor-element elementor-element-7d10b294 elementor-section-boxed elementor-section-height-default elementor-section-height-default\" data-id=\"7d10b294\" data-element_type=\"section\" data-e-type=\"section\">\n\t\t\t\t\t\t<div class=\"elementor-container elementor-column-gap-default\">\n\t\t\t\t\t<div class=\"elementor-column elementor-col-100 elementor-top-column elementor-element elementor-element-7d93813a\" data-id=\"7d93813a\" data-element_type=\"column\" data-e-type=\"column\">\n\t\t\t<div class=\"elementor-widget-wrap elementor-element-populated\">\n\t\t\t\t\t\t<div class=\"elementor-element elementor-element-3fd44c6 elementor-widget elementor-widget-image\" data-id=\"3fd44c6\" data-element_type=\"widget\" data-e-type=\"widget\" data-widget_type=\"image.default\">\n\t\t\t\t<div class=\"elementor-widget-container\">\n\t\t\t\t\t\t\t\t\t\t\t\t\t\t\t<img decoding=\"async\" width=\"300\" height=\"106\" src=\"https:\/\/butgb-ubatc.be\/wp-content\/uploads\/2021\/01\/benorlogo_baseline_zwart_DEF-1-300x106.jpg\" class=\"attachment-medium size-medium wp-image-11592\" alt=\"\" srcset=\"https:\/\/butgb-ubatc.be\/wp-content\/uploads\/2021\/01\/benorlogo_baseline_zwart_DEF-1-300x106.jpg 300w, https:\/\/butgb-ubatc.be\/wp-content\/uploads\/2021\/01\/benorlogo_baseline_zwart_DEF-1-768x271.jpg 768w, https:\/\/butgb-ubatc.be\/wp-content\/uploads\/2021\/01\/benorlogo_baseline_zwart_DEF-1.jpg 850w\" sizes=\"(max-width: 300px) 100vw, 300px\" \/>\t\t\t\t\t\t\t\t\t\t\t\t\t\t\t<\/div>\n\t\t\t\t<\/div>\n\t\t\t\t\t<\/div>\n\t\t<\/div>\n\t\t\t\t\t<\/div>\n\t\t<\/section>\n\t\t\t\t<section class=\"elementor-section elementor-top-section elementor-element elementor-element-56b09dd4 elementor-section-boxed elementor-section-height-default elementor-section-height-default\" data-id=\"56b09dd4\" data-element_type=\"section\" data-e-type=\"section\" data-settings=\"{&quot;background_background&quot;:&quot;classic&quot;}\">\n\t\t\t\t\t\t\t<div class=\"elementor-background-overlay\"><\/div>\n\t\t\t\t\t\t\t<div class=\"elementor-container elementor-column-gap-default\">\n\t\t\t\t\t<div class=\"elementor-column elementor-col-100 elementor-top-column elementor-element elementor-element-7803eee8\" data-id=\"7803eee8\" data-element_type=\"column\" data-e-type=\"column\">\n\t\t\t<div class=\"elementor-widget-wrap elementor-element-populated\">\n\t\t\t\t\t\t<div class=\"elementor-element elementor-element-23c838e elementor-widget elementor-widget-text-editor\" data-id=\"23c838e\" data-element_type=\"widget\" data-e-type=\"widget\" data-widget_type=\"text-editor.default\">\n\t\t\t\t<div class=\"elementor-widget-container\">\n\t\t\t\t\t\t\t\t\t<p>Le label BENOR est propri\u00e9t\u00e9 du Bureau de Normalisation (NBN) qui est l\u2019organisme responsable de l\u2019\u00e9laboration et de la vente des normes en Belgique. Le NBN est un organisme d\u2019int\u00e9r\u00eat public, dont le Ministre de tutelle est le Ministre f\u00e9d\u00e9ral qui a l\u2019Economie dans ses attributions. Sa mission est d\u00e9finie dans la loi du 3 avril 2003 relative \u00e0 la normalisation et amend\u00e9e par la loi du 28 f\u00e9vrier 2013 introduisant le Code de droit \u00e9conomique.<\/p>\n<p>Le label BENOR atteste qu\u2019un produit ou un service est conforme \u00e0 un r\u00e9f\u00e9rentiel de qualit\u00e9 technique adopt\u00e9 par l\u2019ensemble des parties concern\u00e9es par sa mise sur le march\u00e9. Ce r\u00e9f\u00e9rentiel une fois adopt\u00e9 se retrouve dans un document normatif, appel\u00e9 Prescriptions Techniques \u2013 Technische Voorschriften (PTV).<\/p>\n<p>Le label BENOR couvre syst\u00e9matiquement toutes les caract\u00e9ristiques pertinentes du produit ou service pour son application et sa mise en \u0153uvre concr\u00e8te par l\u2019utilisateur qu\u2019il soit public ou priv\u00e9. Les performances d\u00e9clar\u00e9es r\u00e9pondent ainsi aux attentes de qualit\u00e9 du secteur concern\u00e9 et de ses clients.<\/p>\n<p>Le label BENOR est g\u00e9r\u00e9 par une asbl ind\u00e9pendante, l\u2019association pour la gestion du label BENOR. Elle est compos\u00e9e de l\u2019ensemble des stakeholders concern\u00e9s par les produits et services qu\u2019elle couvre, et ce, qu\u2019ils soient utilisateurs publics ou priv\u00e9s, fabricants ou prestataires de services. Elle regroupe \u00e9galement les organismes sectoriels qui assument la gestion quotidienne et le processus de certification du label.<\/p>\n<p>Alors que les Agr\u00e9ments Techniques, ATG, couvrent des produits et syst\u00e8mes uniques, innovants et complexes, les produits sous licence BENOR sont des familles de produits pour lesquelles des documents normatifs existent.<\/p>\n<p>Il y a toujours eu une bonne coop\u00e9ration entre les organismes responsables de l&rsquo;ATG-merk et de la licence BENOR. Plus r\u00e9cemment, un protocole de coop\u00e9ration a \u00e9t\u00e9 convenu en 2020.<\/p>\n\t\t\t\t\t\t\t\t<\/div>\n\t\t\t\t<\/div>\n\t\t\t\t\t<\/div>\n\t\t<\/div>\n\t\t\t\t\t<\/div>\n\t\t<\/section>\n\t\t\t\t<section class=\"elementor-section elementor-top-section elementor-element elementor-element-64529f feature-box elementor-section-boxed elementor-section-height-default elementor-section-height-default\" data-id=\"64529f\" data-element_type=\"section\" data-e-type=\"section\">\n\t\t\t\t\t\t<div class=\"elementor-container elementor-column-gap-default\">\n\t\t\t\t\t<div class=\"elementor-column elementor-col-100 elementor-top-column elementor-element elementor-element-4b8bfaf4\" data-id=\"4b8bfaf4\" data-element_type=\"column\" data-e-type=\"column\">\n\t\t\t<div class=\"elementor-widget-wrap elementor-element-populated\">\n\t\t\t\t\t\t<div class=\"elementor-element elementor-element-51c788f1 elementor-widget elementor-widget-html\" data-id=\"51c788f1\" data-element_type=\"widget\" data-e-type=\"widget\" data-widget_type=\"html.default\">\n\t\t\t\t<div class=\"elementor-widget-container\">\n\t\t\t\t\t\n          <section class=\"portfolio-experiment\">\n  <a href=\"https:\/\/www.benor.be\/en\/\" target=\"_blank\" rel=\"noopener\">\n    <span class=\"text\">Visitez le site internet de BENOR<i class=\"fas fa-angle-right\" style=\"padding-left:10px; color:#BC0D1D\"><\/i><\/span>\n    <span class=\"line -right\"><\/span>\n    <span class=\"line -top\"><\/span>\n    <span class=\"line -left\"><\/span>\n    <span class=\"line -bottom\"><\/span>\n  <\/a>\n<\/section>\n        \t\t\t\t<\/div>\n\t\t\t\t<\/div>\n\t\t\t\t\t<\/div>\n\t\t<\/div>\n\t\t\t\t\t<\/div>\n\t\t<\/section>\n\t\t\t\t<\/div>\n\t\t","protected":false},"excerpt":{"rendered":"<p>LA LICENCE BENOR Le label BENOR est propri\u00e9t\u00e9 du Bureau de Normalisation (NBN) qui est l\u2019organisme responsable de l\u2019\u00e9laboration et de la vente des normes en Belgique. Le NBN est un organisme d\u2019int\u00e9r\u00eat public, dont le Ministre de tutelle est le Ministre f\u00e9d\u00e9ral qui a l\u2019Economie dans ses attributions. Sa mission est d\u00e9finie dans la [&hellip;]<\/p>\n","protected":false},"author":3,"featured_media":0,"parent":0,"menu_order":0,"comment_status":"closed","ping_status":"closed","template":"","meta":{"_acf_changed":false,"site-sidebar-layout":"no-sidebar","site-content-layout":"page-builder","ast-site-content-layout":"default","site-content-style":"default","site-sidebar-style":"default","ast-global-header-display":"","ast-banner-title-visibility":"","ast-main-header-display":"","ast-hfb-above-header-display":"","ast-hfb-below-header-display":"","ast-hfb-mobile-header-display":"","site-post-title":"disabled","ast-breadcrumbs-content":"","ast-featured-img":"disabled","footer-sml-layout":"","ast-disable-related-posts":"","theme-transparent-header-meta":"default","adv-header-id-meta":"","stick-header-meta":"","header-above-stick-meta":"","header-main-stick-meta":"","header-below-stick-meta":"","astra-migrate-meta-layouts":"default","ast-page-background-enabled":"default","ast-page-background-meta":{"desktop":{"background-color":"","background-image":"","background-repeat":"repeat","background-position":"center center","background-size":"auto","background-attachment":"scroll","background-type":"","background-media":"","overlay-type":"","overlay-color":"","overlay-opacity":"","overlay-gradient":""},"tablet":{"background-color":"","background-image":"","background-repeat":"repeat","background-position":"center center","background-size":"auto","background-attachment":"scroll","background-type":"","background-media":"","overlay-type":"","overlay-color":"","overlay-opacity":"","overlay-gradient":""},"mobile":{"background-color":"","background-image":"","background-repeat":"repeat","background-position":"center center","background-size":"auto","background-attachment":"scroll","background-type":"","background-media":"","overlay-type":"","overlay-color":"","overlay-opacity":"","overlay-gradient":""}},"ast-content-background-meta":{"desktop":{"background-color":"var(--ast-global-color-5)","background-image":"","background-repeat":"repeat","background-position":"center center","background-size":"auto","background-attachment":"scroll","background-type":"","background-media":"","overlay-type":"","overlay-color":"","overlay-opacity":"","overlay-gradient":""},"tablet":{"background-color":"var(--ast-global-color-5)","background-image":"","background-repeat":"repeat","background-position":"center center","background-size":"auto","background-attachment":"scroll","background-type":"","background-media":"","overlay-type":"","overlay-color":"","overlay-opacity":"","overlay-gradient":""},"mobile":{"background-color":"var(--ast-global-color-5)","background-image":"","background-repeat":"repeat","background-position":"center center","background-size":"auto","background-attachment":"scroll","background-type":"","background-media":"","overlay-type":"","overlay-color":"","overlay-opacity":"","overlay-gradient":""}},"footnotes":""},"class_list":["post-13876","page","type-page","status-publish","hentry"],"acf":[],"_links":{"self":[{"href":"https:\/\/butgb-ubatc.be\/fr\/wp-json\/wp\/v2\/pages\/13876","targetHints":{"allow":["GET"]}}],"collection":[{"href":"https:\/\/butgb-ubatc.be\/fr\/wp-json\/wp\/v2\/pages"}],"about":[{"href":"https:\/\/butgb-ubatc.be\/fr\/wp-json\/wp\/v2\/types\/page"}],"author":[{"embeddable":true,"href":"https:\/\/butgb-ubatc.be\/fr\/wp-json\/wp\/v2\/users\/3"}],"replies":[{"embeddable":true,"href":"https:\/\/butgb-ubatc.be\/fr\/wp-json\/wp\/v2\/comments?post=13876"}],"version-history":[{"count":7,"href":"https:\/\/butgb-ubatc.be\/fr\/wp-json\/wp\/v2\/pages\/13876\/revisions"}],"predecessor-version":[{"id":20376,"href":"https:\/\/butgb-ubatc.be\/fr\/wp-json\/wp\/v2\/pages\/13876\/revisions\/20376"}],"wp:attachment":[{"href":"https:\/\/butgb-ubatc.be\/fr\/wp-json\/wp\/v2\/media?parent=13876"}],"curies":[{"name":"wp","href":"https:\/\/api.w.org\/{rel}","templated":true}]}}