{"id":13859,"date":"2021-01-15T11:22:53","date_gmt":"2021-01-15T10:22:53","guid":{"rendered":"https:\/\/butgb-ubatc.be\/a-propos\/ubatc-worldwide\/"},"modified":"2021-01-31T09:28:05","modified_gmt":"2021-01-31T08:28:05","slug":"ubatc-worldwide","status":"publish","type":"page","link":"https:\/\/butgb-ubatc.be\/fr\/a-propos\/ubatc-worldwide\/","title":{"rendered":"UBAtc Worldwide"},"content":{"rendered":"\t\t<div data-elementor-type=\"wp-page\" data-elementor-id=\"13859\" class=\"elementor elementor-13859\" data-elementor-post-type=\"page\">\n\t\t\t\t\t\t<section class=\"elementor-section elementor-top-section elementor-element elementor-element-3b8ed8c elementor-section-full_width elementor-section-height-min-height elementor-section-items-bottom elementor-section-content-middle elementor-section-height-default\" data-id=\"3b8ed8c\" data-element_type=\"section\" data-e-type=\"section\" data-settings=\"{&quot;background_background&quot;:&quot;classic&quot;,&quot;background_motion_fx_motion_fx_scrolling&quot;:&quot;yes&quot;,&quot;background_motion_fx_translateY_effect&quot;:&quot;yes&quot;,&quot;background_motion_fx_translateY_direction&quot;:&quot;negative&quot;,&quot;background_motion_fx_translateY_speed&quot;:{&quot;unit&quot;:&quot;px&quot;,&quot;size&quot;:5.6,&quot;sizes&quot;:[]},&quot;background_motion_fx_translateY_affectedRange&quot;:{&quot;unit&quot;:&quot;%&quot;,&quot;size&quot;:&quot;&quot;,&quot;sizes&quot;:{&quot;start&quot;:0,&quot;end&quot;:100}},&quot;background_motion_fx_devices&quot;:[&quot;desktop&quot;,&quot;tablet&quot;,&quot;mobile&quot;]}\">\n\t\t\t\t\t\t\t<div class=\"elementor-background-overlay\"><\/div>\n\t\t\t\t\t\t\t<div class=\"elementor-container elementor-column-gap-default\">\n\t\t\t\t\t<div class=\"elementor-column elementor-col-100 elementor-top-column elementor-element elementor-element-5e27a38d\" data-id=\"5e27a38d\" data-element_type=\"column\" data-e-type=\"column\">\n\t\t\t<div class=\"elementor-widget-wrap elementor-element-populated\">\n\t\t\t\t\t\t<div class=\"elementor-element elementor-element-6924d053 elementor-widget elementor-widget-heading\" data-id=\"6924d053\" data-element_type=\"widget\" data-e-type=\"widget\" data-widget_type=\"heading.default\">\n\t\t\t\t<div class=\"elementor-widget-container\">\n\t\t\t\t\t<h2 class=\"elementor-heading-title elementor-size-default\">L\u2019UBAtc sur la sc\u00e8ne internationale<\/h2>\t\t\t\t<\/div>\n\t\t\t\t<\/div>\n\t\t\t\t<div class=\"elementor-element elementor-element-4ba7d097 elementor-widget-divider--view-line elementor-widget elementor-widget-divider\" data-id=\"4ba7d097\" data-element_type=\"widget\" data-e-type=\"widget\" data-widget_type=\"divider.default\">\n\t\t\t\t<div class=\"elementor-widget-container\">\n\t\t\t\t\t\t\t<div class=\"elementor-divider\">\n\t\t\t<span class=\"elementor-divider-separator\">\n\t\t\t\t\t\t<\/span>\n\t\t<\/div>\n\t\t\t\t\t\t<\/div>\n\t\t\t\t<\/div>\n\t\t\t\t\t<\/div>\n\t\t<\/div>\n\t\t\t\t\t<\/div>\n\t\t<\/section>\n\t\t\t\t<section class=\"elementor-section elementor-top-section elementor-element elementor-element-2a9c1415 elementor-section-boxed elementor-section-height-default elementor-section-height-default\" data-id=\"2a9c1415\" data-element_type=\"section\" data-e-type=\"section\" data-settings=\"{&quot;background_background&quot;:&quot;classic&quot;}\">\n\t\t\t\t\t\t\t<div class=\"elementor-background-overlay\"><\/div>\n\t\t\t\t\t\t\t<div class=\"elementor-container elementor-column-gap-default\">\n\t\t\t\t\t<div class=\"elementor-column elementor-col-100 elementor-top-column elementor-element elementor-element-745eaca3\" data-id=\"745eaca3\" data-element_type=\"column\" data-e-type=\"column\">\n\t\t\t<div class=\"elementor-widget-wrap elementor-element-populated\">\n\t\t\t\t\t\t<div class=\"elementor-element elementor-element-643c9c7a elementor-widget elementor-widget-text-editor\" data-id=\"643c9c7a\" data-element_type=\"widget\" data-e-type=\"widget\" data-widget_type=\"text-editor.default\">\n\t\t\t\t<div class=\"elementor-widget-container\">\n\t\t\t\t\t\t\t\t\t<p>L\u2019UBAtc est membre de<\/p>\n<ul>\n<li>l\u2019Union Europ\u00e9enne pour l\u2019Agr\u00e9ment Technique dans la Construction (UEAtc),<\/li>\n<li>de l\u2019organisation europ\u00e9enne pour l\u2019\u00e9valuation technique (EOTA) et<\/li>\n<li>de la f\u00e9d\u00e9ration mondiale des organismes d&rsquo;\u00e9valuation technique (WFTAO)<\/li>\n<\/ul>\n<p>\n            <b>Union Europ\u00e9enne pour l\u2019Agr\u00e9ment Technique dans la Construction (UEAtc)<\/b>\n          <\/p>\n<p><a href=\"http:\/\/www.ueatc.eu\/\" target=\"_blank\" rel=\"noopener\"><img decoding=\"async\" class=\"alignright wp-image-6707 size-medium\" style=\"margin-right: 15px; padding-bottom: 15px;\" src=\"https:\/\/butgb-ubatc.be\/wp-content\/uploads\/2017\/11\/ueatc_logo-300x300.png\" alt=\"\" width=\"300\" srcset=\"https:\/\/butgb-ubatc.be\/wp-content\/uploads\/2017\/11\/ueatc_logo-300x300.png 300w, https:\/\/butgb-ubatc.be\/wp-content\/uploads\/2017\/11\/ueatc_logo-150x150.png 150w, https:\/\/butgb-ubatc.be\/wp-content\/uploads\/2017\/11\/ueatc_logo.png 400w\" sizes=\"(max-width: 300px) 100vw, 300px\" \/><\/a>L\u2019Union Europ\u00e9enne pour l\u2019Agr\u00e9ment Technique dans la Construction (UEAtc) est un r\u00e9seau europ\u00e9en d\u2019instituts, de centres et d\u2019organismes ind\u00e9pendants concern\u00e9s par la d\u00e9livrance d\u2019agr\u00e9ments techniques pour des produits ou des syst\u00e8mes innovants dans le secteur de la construction. UEAtc a \u00e9t\u00e9 fond\u00e9e en 1960 dans le but expr\u00e8s de faciliter les \u00e9changes transfrontaliers de produits de construction entre pays europ\u00e9ens.<\/p>\n<p>Ses membres \u00e9laborent et maintiennent un processus efficace d\u2019agr\u00e9ment technique volontaire qui soutient l\u2019innovation dans le secteur de la construction, \u00e9changent des exp\u00e9riences et essaient d\u2019\u00e9viter, chaque fois que cela est possible et gr\u00e2ce \u00e0 une approche collaborative, une r\u00e9p\u00e9tition inutile des activit\u00e9s au b\u00e9n\u00e9fice des parties prenantes dans le processus.<\/p>\n<p>Chaque membre est responsable de la d\u00e9livrance des agr\u00e9ments techniques et de l&rsquo;\u00e9valuation dans son pays. L&rsquo;UEAtc peut faciliter l&rsquo;obtention d&rsquo;un agr\u00e9ment ou d&rsquo;une \u00e9valuation dans un autre pays sur la base de travaux d\u00e9j\u00e0 r\u00e9alis\u00e9s dans un autre pays.<\/p>\n<p>\u2192 Pour plus d&rsquo;information: <a href=\"http:\/\/www.ueatc.eu\/\" target=\"_blank\" rel=\"noopener\">www.ueatc.eu<\/a><\/p>\n<p>\n            <b><br \/>European Organisation for Technical Assessments (EOTA)<\/b>\n          <\/p>\n<p>\n            <img decoding=\"async\" class=\"wp-image-16520 alignright\" style=\"margin-right: 15px; padding-bottom: 15px;\" src=\"https:\/\/butgb-ubatc.be\/wp-content\/uploads\/2021\/01\/EOTA-with-yellow-stars.png\" alt=\"\" width=\"300\" srcset=\"https:\/\/butgb-ubatc.be\/wp-content\/uploads\/2021\/01\/EOTA-with-yellow-stars.png 454w, https:\/\/butgb-ubatc.be\/wp-content\/uploads\/2021\/01\/EOTA-with-yellow-stars-300x118.png 300w\" sizes=\"(max-width: 454px) 100vw, 454px\" \/>\n          <\/p>\n<p>L\u2019EOTA est l\u2019organisation europ\u00e9enne pour l\u2019\u00e9valuation technique dans le secteur de la construction. L\u2019EOTA est compos\u00e9e de tous les organismes d\u2019\u00e9valuation technique (TABs) d\u00e9sign\u00e9s par les Etats Membres de l\u2019Union Europ\u00e9enne et de l\u2019Espace Economique Europ\u00e9en.<\/p>\n<p>L&rsquo;EOTA<\/p>\n<ul>\n<li data-leveltext=\"\uf02d\" data-font=\"Symbol\" data-listid=\"10\" aria-setsize=\"-1\" data-aria-posinset=\"1\" data-aria-level=\"1\">d\u00e9veloppe et adopte des Documents d\u2019\u00c9valuation Europ\u00e9ens (EAD) en utilisant l\u2019expertise scientifique et technologique de ses membres.<\/li>\n<li data-leveltext=\"\uf02d\" data-font=\"Symbol\" data-listid=\"10\" aria-setsize=\"-1\" data-aria-posinset=\"2\" data-aria-level=\"1\">coordonne l\u2019application des proc\u00e9dures pr\u00e9vues pour une demande d\u2019\u00c9valuation Technique Europ\u00e9enne (ETA) et pour la proc\u00e9dure d\u2019adoption d\u2019un Document d\u2019\u00c9valuation Europ\u00e9en (EAD).<\/li>\n<li data-leveltext=\"\uf02d\" data-font=\"Symbol\" data-listid=\"10\" aria-setsize=\"-1\" data-aria-posinset=\"3\" data-aria-level=\"1\">veille \u00e0 ce que des exemples de bonnes pratiques soient partag\u00e9s entre ses membres afin de promouvoir une plus grande efficacit\u00e9 et de fournir un meilleur service \u00e0 l\u2019industrie.<\/li>\n<li data-leveltext=\"\uf02d\" data-font=\"Symbol\" data-listid=\"10\" aria-setsize=\"-1\" data-aria-posinset=\"4\" data-aria-level=\"1\">travaille en \u00e9troite coop\u00e9ration avec la Commission Europ\u00e9enne, les \u00c9tats Membres, les Organismes europ\u00e9ennes de normalisation et d\u2019autres acteurs de la recherche et de la construction.<\/li>\n<\/ul>\n<p>\u2192 Pour plus d&rsquo;information: <a href=\"http:\/\/www.eota.eu\/\" target=\"_blank\" rel=\"noopener\">www.eota.eu<\/a><\/p>\n<p>\n            <b><br \/>World Federation of Technical Assessment Organisations (WFTAO)<\/b>\n          <\/p>\n<p><a href=\"http:\/\/www.wftao.com\/\" target=\"_blank\" rel=\"noopener\"><img decoding=\"async\" class=\"size-medium wp-image-1045 alignright\" style=\"margin-right: 15px; padding-bottom: 15px;\" src=\"https:\/\/butgb-ubatc.be\/wp-content\/uploads\/2020\/10\/WFTAO-300x146.png\" alt=\"\" width=\"300\" srcset=\"https:\/\/butgb-ubatc.be\/wp-content\/uploads\/2020\/10\/WFTAO-300x146.png 300w, https:\/\/butgb-ubatc.be\/wp-content\/uploads\/2020\/10\/WFTAO-1024x498.png 1024w, https:\/\/butgb-ubatc.be\/wp-content\/uploads\/2020\/10\/WFTAO-768x373.png 768w, https:\/\/butgb-ubatc.be\/wp-content\/uploads\/2020\/10\/WFTAO.png 1228w\" sizes=\"(max-width: 300px) 100vw, 300px\" \/><\/a>La WFTAO est la f\u00e9d\u00e9ration mondiale des organisations d&rsquo;\u00e9valuation technique, un r\u00e9seau mondial de coordination et de facilitation de l&rsquo;\u00e9valuation technique de l&rsquo;innovation dans le domaine de la construction.<\/p>\n<p>La WFTAO comprend des organismes nationaux actifs dans le domaine des \u00e9valuations techniques des produits et syst\u00e8mes de construction.<\/p>\n<p>\u2192 Pour plus d&rsquo;information: <a href=\"http:\/\/www.wftao.com\/\" target=\"_blank\" rel=\"noopener\">www.wftao.com<\/a><\/p>\n\t\t\t\t\t\t\t\t<\/div>\n\t\t\t\t<\/div>\n\t\t\t\t\t<\/div>\n\t\t<\/div>\n\t\t\t\t\t<\/div>\n\t\t<\/section>\n\t\t\t\t<\/div>\n\t\t","protected":false},"excerpt":{"rendered":"<p>L\u2019UBAtc sur la sc\u00e8ne internationale L\u2019UBAtc est membre de l\u2019Union Europ\u00e9enne pour l\u2019Agr\u00e9ment Technique dans la Construction (UEAtc), de l\u2019organisation europ\u00e9enne pour l\u2019\u00e9valuation technique (EOTA) et de la f\u00e9d\u00e9ration mondiale des organismes d&rsquo;\u00e9valuation technique (WFTAO) Union Europ\u00e9enne pour l\u2019Agr\u00e9ment Technique dans la Construction (UEAtc) L\u2019Union Europ\u00e9enne pour l\u2019Agr\u00e9ment Technique dans la Construction (UEAtc) est un [&hellip;]<\/p>\n","protected":false},"author":3,"featured_media":0,"parent":2259,"menu_order":0,"comment_status":"closed","ping_status":"closed","template":"","meta":{"_acf_changed":false,"site-sidebar-layout":"no-sidebar","site-content-layout":"page-builder","ast-site-content-layout":"default","site-content-style":"default","site-sidebar-style":"default","ast-global-header-display":"","ast-banner-title-visibility":"","ast-main-header-display":"","ast-hfb-above-header-display":"","ast-hfb-below-header-display":"","ast-hfb-mobile-header-display":"","site-post-title":"disabled","ast-breadcrumbs-content":"","ast-featured-img":"disabled","footer-sml-layout":"","ast-disable-related-posts":"","theme-transparent-header-meta":"default","adv-header-id-meta":"","stick-header-meta":"","header-above-stick-meta":"","header-main-stick-meta":"","header-below-stick-meta":"","astra-migrate-meta-layouts":"default","ast-page-background-enabled":"default","ast-page-background-meta":{"desktop":{"background-color":"","background-image":"","background-repeat":"repeat","background-position":"center center","background-size":"auto","background-attachment":"scroll","background-type":"","background-media":"","overlay-type":"","overlay-color":"","overlay-opacity":"","overlay-gradient":""},"tablet":{"background-color":"","background-image":"","background-repeat":"repeat","background-position":"center center","background-size":"auto","background-attachment":"scroll","background-type":"","background-media":"","overlay-type":"","overlay-color":"","overlay-opacity":"","overlay-gradient":""},"mobile":{"background-color":"","background-image":"","background-repeat":"repeat","background-position":"center center","background-size":"auto","background-attachment":"scroll","background-type":"","background-media":"","overlay-type":"","overlay-color":"","overlay-opacity":"","overlay-gradient":""}},"ast-content-background-meta":{"desktop":{"background-color":"var(--ast-global-color-5)","background-image":"","background-repeat":"repeat","background-position":"center center","background-size":"auto","background-attachment":"scroll","background-type":"","background-media":"","overlay-type":"","overlay-color":"","overlay-opacity":"","overlay-gradient":""},"tablet":{"background-color":"var(--ast-global-color-5)","background-image":"","background-repeat":"repeat","background-position":"center center","background-size":"auto","background-attachment":"scroll","background-type":"","background-media":"","overlay-type":"","overlay-color":"","overlay-opacity":"","overlay-gradient":""},"mobile":{"background-color":"var(--ast-global-color-5)","background-image":"","background-repeat":"repeat","background-position":"center center","background-size":"auto","background-attachment":"scroll","background-type":"","background-media":"","overlay-type":"","overlay-color":"","overlay-opacity":"","overlay-gradient":""}},"footnotes":""},"class_list":["post-13859","page","type-page","status-publish","hentry"],"acf":[],"_links":{"self":[{"href":"https:\/\/butgb-ubatc.be\/fr\/wp-json\/wp\/v2\/pages\/13859","targetHints":{"allow":["GET"]}}],"collection":[{"href":"https:\/\/butgb-ubatc.be\/fr\/wp-json\/wp\/v2\/pages"}],"about":[{"href":"https:\/\/butgb-ubatc.be\/fr\/wp-json\/wp\/v2\/types\/page"}],"author":[{"embeddable":true,"href":"https:\/\/butgb-ubatc.be\/fr\/wp-json\/wp\/v2\/users\/3"}],"replies":[{"embeddable":true,"href":"https:\/\/butgb-ubatc.be\/fr\/wp-json\/wp\/v2\/comments?post=13859"}],"version-history":[{"count":28,"href":"https:\/\/butgb-ubatc.be\/fr\/wp-json\/wp\/v2\/pages\/13859\/revisions"}],"predecessor-version":[{"id":20899,"href":"https:\/\/butgb-ubatc.be\/fr\/wp-json\/wp\/v2\/pages\/13859\/revisions\/20899"}],"up":[{"embeddable":true,"href":"https:\/\/butgb-ubatc.be\/fr\/wp-json\/wp\/v2\/pages\/2259"}],"wp:attachment":[{"href":"https:\/\/butgb-ubatc.be\/fr\/wp-json\/wp\/v2\/media?parent=13859"}],"curies":[{"name":"wp","href":"https:\/\/api.w.org\/{rel}","templated":true}]}}