{"id":13817,"date":"2021-01-15T07:40:35","date_gmt":"2021-01-15T06:40:35","guid":{"rendered":"https:\/\/butgb-ubatc.be\/a-propos\/our-services\/"},"modified":"2021-01-31T09:26:44","modified_gmt":"2021-01-31T08:26:44","slug":"our-services","status":"publish","type":"page","link":"https:\/\/butgb-ubatc.be\/fr\/a-propos\/our-services\/","title":{"rendered":"Nos Services"},"content":{"rendered":"\t\t<div data-elementor-type=\"wp-page\" data-elementor-id=\"13817\" class=\"elementor elementor-13817\" data-elementor-post-type=\"page\">\n\t\t\t\t\t\t<section class=\"elementor-section elementor-top-section elementor-element elementor-element-5a4a631 elementor-section-full_width elementor-section-height-min-height elementor-section-stretched elementor-section-items-bottom elementor-section-height-default\" data-id=\"5a4a631\" data-element_type=\"section\" data-e-type=\"section\" data-settings=\"{&quot;stretch_section&quot;:&quot;section-stretched&quot;,&quot;background_background&quot;:&quot;classic&quot;}\">\n\t\t\t\t\t\t<div class=\"elementor-container elementor-column-gap-no\">\n\t\t\t\t\t<div class=\"elementor-column elementor-col-100 elementor-top-column elementor-element elementor-element-e8f249e\" data-id=\"e8f249e\" data-element_type=\"column\" data-e-type=\"column\" data-settings=\"{&quot;background_background&quot;:&quot;classic&quot;}\">\n\t\t\t<div class=\"elementor-widget-wrap elementor-element-populated\">\n\t\t\t\t\t\t<div class=\"elementor-element elementor-element-810b6bb elementor-widget elementor-widget-heading\" data-id=\"810b6bb\" data-element_type=\"widget\" data-e-type=\"widget\" data-widget_type=\"heading.default\">\n\t\t\t\t<div class=\"elementor-widget-container\">\n\t\t\t\t\t<h2 class=\"elementor-heading-title elementor-size-default\">Nos Services<\/h2>\t\t\t\t<\/div>\n\t\t\t\t<\/div>\n\t\t\t\t<div class=\"elementor-element elementor-element-fa30f92 elementor-widget-divider--view-line elementor-widget elementor-widget-divider\" data-id=\"fa30f92\" data-element_type=\"widget\" data-e-type=\"widget\" data-widget_type=\"divider.default\">\n\t\t\t\t<div class=\"elementor-widget-container\">\n\t\t\t\t\t\t\t<div class=\"elementor-divider\">\n\t\t\t<span class=\"elementor-divider-separator\">\n\t\t\t\t\t\t<\/span>\n\t\t<\/div>\n\t\t\t\t\t\t<\/div>\n\t\t\t\t<\/div>\n\t\t\t\t\t<\/div>\n\t\t<\/div>\n\t\t\t\t\t<\/div>\n\t\t<\/section>\n\t\t\t\t<section class=\"elementor-section elementor-top-section elementor-element elementor-element-31579b1 elementor-section-boxed elementor-section-height-default elementor-section-height-default\" data-id=\"31579b1\" data-element_type=\"section\" data-e-type=\"section\" data-settings=\"{&quot;background_background&quot;:&quot;classic&quot;}\">\n\t\t\t\t\t\t<div class=\"elementor-container elementor-column-gap-default\">\n\t\t\t\t\t<div class=\"elementor-column elementor-col-100 elementor-top-column elementor-element elementor-element-2f3694e\" data-id=\"2f3694e\" data-element_type=\"column\" data-e-type=\"column\">\n\t\t\t<div class=\"elementor-widget-wrap elementor-element-populated\">\n\t\t\t\t\t\t<div class=\"elementor-element elementor-element-30fc2d0 elementor-widget elementor-widget-text-editor\" data-id=\"30fc2d0\" data-element_type=\"widget\" data-e-type=\"widget\" data-widget_type=\"text-editor.default\">\n\t\t\t\t<div class=\"elementor-widget-container\">\n\t\t\t\t\t\t\t\t\t<p>Les agr\u00e9ments et \u00e9valuations techniques r\u00e9alis\u00e9s par (les exploitants de) UBAtc asbl d\u00e9bouchent sur des d\u00e9clarations d&rsquo;aptitude \u00e0 l&#8217;emploi et des \u00e9valuations techniques europ\u00e9ennes qui aident \u00e0 ma\u00eetriser les risques techniques lors de l&rsquo;utilisation des produits \u00e9valu\u00e9s et contribuent \u00e0 la qualit\u00e9 des travaux de construction et des processus de construction.<br \/>En cons\u00e9quence, non seulement les fabricants qui commercialisent les produits \u00e9valu\u00e9s b\u00e9n\u00e9ficient des activit\u00e9s de l&rsquo;UBAtc, mais aussi les autres acteurs et en particulier les architectes et entrepreneurs qui les sp\u00e9cifient et les utilisent, et, en d\u00e9finitive, les propri\u00e9taires et les utilisateurs des b\u00e2timents et des ouvrages.<\/p>\n<p>Les activit\u00e9s des op\u00e9rateurs, et donc de l&rsquo;UBAtc, s&rsquo;\u00e9tendent de plus en plus \u00e0 l&rsquo;accompagnement des acteurs sur le chantier et \u00e0 la fourniture d&rsquo;informations adapt\u00e9es aux utilisateurs des produits \u00e9valu\u00e9s et approuv\u00e9s ainsi qu\u2019aux chantiers individuels.<\/p>\n<p>Outre sa participation \u00e0 des organisations europ\u00e9ennes et internationales, l\u2019UBAtc et ses op\u00e9rateurs sont ouverts \u00e0 collaborer bi ou multilat\u00e9ralement au niveau du secteur ou du dossier, avec d&rsquo;autres tiers dans l&rsquo;int\u00e9r\u00eat du secteur, pour autant que ses r\u00e8gles soient respect\u00e9es.<\/p>\n\t\t\t\t\t\t\t\t<\/div>\n\t\t\t\t<\/div>\n\t\t\t\t\t<\/div>\n\t\t<\/div>\n\t\t\t\t\t<\/div>\n\t\t<\/section>\n\t\t\t\t<\/div>\n\t\t","protected":false},"excerpt":{"rendered":"<p>Nos Services Les agr\u00e9ments et \u00e9valuations techniques r\u00e9alis\u00e9s par (les exploitants de) UBAtc asbl d\u00e9bouchent sur des d\u00e9clarations d&rsquo;aptitude \u00e0 l&#8217;emploi et des \u00e9valuations techniques europ\u00e9ennes qui aident \u00e0 ma\u00eetriser les risques techniques lors de l&rsquo;utilisation des produits \u00e9valu\u00e9s et contribuent \u00e0 la qualit\u00e9 des travaux de construction et des processus de construction.En cons\u00e9quence, non [&hellip;]<\/p>\n","protected":false},"author":3,"featured_media":0,"parent":2259,"menu_order":0,"comment_status":"closed","ping_status":"closed","template":"","meta":{"_acf_changed":false,"site-sidebar-layout":"no-sidebar","site-content-layout":"page-builder","ast-site-content-layout":"default","site-content-style":"default","site-sidebar-style":"default","ast-global-header-display":"","ast-banner-title-visibility":"","ast-main-header-display":"","ast-hfb-above-header-display":"","ast-hfb-below-header-display":"","ast-hfb-mobile-header-display":"","site-post-title":"disabled","ast-breadcrumbs-content":"","ast-featured-img":"disabled","footer-sml-layout":"","ast-disable-related-posts":"","theme-transparent-header-meta":"default","adv-header-id-meta":"","stick-header-meta":"","header-above-stick-meta":"","header-main-stick-meta":"","header-below-stick-meta":"","astra-migrate-meta-layouts":"default","ast-page-background-enabled":"default","ast-page-background-meta":{"desktop":{"background-color":"","background-image":"","background-repeat":"repeat","background-position":"center center","background-size":"auto","background-attachment":"scroll","background-type":"","background-media":"","overlay-type":"","overlay-color":"","overlay-opacity":"","overlay-gradient":""},"tablet":{"background-color":"","background-image":"","background-repeat":"repeat","background-position":"center center","background-size":"auto","background-attachment":"scroll","background-type":"","background-media":"","overlay-type":"","overlay-color":"","overlay-opacity":"","overlay-gradient":""},"mobile":{"background-color":"","background-image":"","background-repeat":"repeat","background-position":"center center","background-size":"auto","background-attachment":"scroll","background-type":"","background-media":"","overlay-type":"","overlay-color":"","overlay-opacity":"","overlay-gradient":""}},"ast-content-background-meta":{"desktop":{"background-color":"var(--ast-global-color-5)","background-image":"","background-repeat":"repeat","background-position":"center center","background-size":"auto","background-attachment":"scroll","background-type":"","background-media":"","overlay-type":"","overlay-color":"","overlay-opacity":"","overlay-gradient":""},"tablet":{"background-color":"var(--ast-global-color-5)","background-image":"","background-repeat":"repeat","background-position":"center center","background-size":"auto","background-attachment":"scroll","background-type":"","background-media":"","overlay-type":"","overlay-color":"","overlay-opacity":"","overlay-gradient":""},"mobile":{"background-color":"var(--ast-global-color-5)","background-image":"","background-repeat":"repeat","background-position":"center center","background-size":"auto","background-attachment":"scroll","background-type":"","background-media":"","overlay-type":"","overlay-color":"","overlay-opacity":"","overlay-gradient":""}},"footnotes":""},"class_list":["post-13817","page","type-page","status-publish","hentry"],"acf":[],"_links":{"self":[{"href":"https:\/\/butgb-ubatc.be\/fr\/wp-json\/wp\/v2\/pages\/13817","targetHints":{"allow":["GET"]}}],"collection":[{"href":"https:\/\/butgb-ubatc.be\/fr\/wp-json\/wp\/v2\/pages"}],"about":[{"href":"https:\/\/butgb-ubatc.be\/fr\/wp-json\/wp\/v2\/types\/page"}],"author":[{"embeddable":true,"href":"https:\/\/butgb-ubatc.be\/fr\/wp-json\/wp\/v2\/users\/3"}],"replies":[{"embeddable":true,"href":"https:\/\/butgb-ubatc.be\/fr\/wp-json\/wp\/v2\/comments?post=13817"}],"version-history":[{"count":2,"href":"https:\/\/butgb-ubatc.be\/fr\/wp-json\/wp\/v2\/pages\/13817\/revisions"}],"predecessor-version":[{"id":14105,"href":"https:\/\/butgb-ubatc.be\/fr\/wp-json\/wp\/v2\/pages\/13817\/revisions\/14105"}],"up":[{"embeddable":true,"href":"https:\/\/butgb-ubatc.be\/fr\/wp-json\/wp\/v2\/pages\/2259"}],"wp:attachment":[{"href":"https:\/\/butgb-ubatc.be\/fr\/wp-json\/wp\/v2\/media?parent=13817"}],"curies":[{"name":"wp","href":"https:\/\/api.w.org\/{rel}","templated":true}]}}