{"id":13806,"date":"2021-01-15T07:34:27","date_gmt":"2021-01-15T06:34:27","guid":{"rendered":"https:\/\/butgb-ubatc.be\/a-propos\/our-mission\/"},"modified":"2021-01-31T09:24:05","modified_gmt":"2021-01-31T08:24:05","slug":"our-mission","status":"publish","type":"page","link":"https:\/\/butgb-ubatc.be\/fr\/a-propos\/our-mission\/","title":{"rendered":"Notre mission"},"content":{"rendered":"\t\t<div data-elementor-type=\"wp-page\" data-elementor-id=\"13806\" class=\"elementor elementor-13806\" data-elementor-post-type=\"page\">\n\t\t\t\t\t\t<section class=\"elementor-section elementor-top-section elementor-element elementor-element-c4161f2 elementor-section-full_width elementor-section-stretched elementor-section-height-default elementor-section-height-default\" data-id=\"c4161f2\" data-element_type=\"section\" data-e-type=\"section\" data-settings=\"{&quot;stretch_section&quot;:&quot;section-stretched&quot;,&quot;background_background&quot;:&quot;classic&quot;,&quot;background_motion_fx_motion_fx_scrolling&quot;:&quot;yes&quot;,&quot;background_motion_fx_translateY_effect&quot;:&quot;yes&quot;,&quot;background_motion_fx_translateY_direction&quot;:&quot;negative&quot;,&quot;background_motion_fx_translateY_speed&quot;:{&quot;unit&quot;:&quot;px&quot;,&quot;size&quot;:5.6,&quot;sizes&quot;:[]},&quot;background_motion_fx_translateY_affectedRange&quot;:{&quot;unit&quot;:&quot;%&quot;,&quot;size&quot;:&quot;&quot;,&quot;sizes&quot;:{&quot;start&quot;:0,&quot;end&quot;:100}},&quot;background_motion_fx_devices&quot;:[&quot;desktop&quot;,&quot;tablet&quot;,&quot;mobile&quot;]}\">\n\t\t\t\t\t\t\t<div class=\"elementor-background-overlay\"><\/div>\n\t\t\t\t\t\t\t<div class=\"elementor-container elementor-column-gap-no\">\n\t\t\t\t\t<div class=\"elementor-column elementor-col-100 elementor-top-column elementor-element elementor-element-9ef2fb9\" data-id=\"9ef2fb9\" data-element_type=\"column\" data-e-type=\"column\">\n\t\t\t<div class=\"elementor-widget-wrap elementor-element-populated\">\n\t\t\t\t\t\t<section class=\"elementor-section elementor-inner-section elementor-element elementor-element-47fe0d4 elementor-section-full_width elementor-section-height-min-height elementor-section-content-bottom elementor-section-height-default\" data-id=\"47fe0d4\" data-element_type=\"section\" data-e-type=\"section\" data-settings=\"{&quot;background_background&quot;:&quot;classic&quot;}\">\n\t\t\t\t\t\t\t<div class=\"elementor-background-overlay\"><\/div>\n\t\t\t\t\t\t\t<div class=\"elementor-container elementor-column-gap-default\">\n\t\t\t\t\t<div class=\"elementor-column elementor-col-100 elementor-inner-column elementor-element elementor-element-db59b7d\" data-id=\"db59b7d\" data-element_type=\"column\" data-e-type=\"column\">\n\t\t\t<div class=\"elementor-widget-wrap elementor-element-populated\">\n\t\t\t\t\t\t<div class=\"elementor-element elementor-element-06928d0 elementor-widget elementor-widget-heading\" data-id=\"06928d0\" data-element_type=\"widget\" data-e-type=\"widget\" data-widget_type=\"heading.default\">\n\t\t\t\t<div class=\"elementor-widget-container\">\n\t\t\t\t\t<h2 class=\"elementor-heading-title elementor-size-default\">Notre mission<\/h2>\t\t\t\t<\/div>\n\t\t\t\t<\/div>\n\t\t\t\t<div class=\"elementor-element elementor-element-a67348f elementor-widget-divider--view-line elementor-widget elementor-widget-divider\" data-id=\"a67348f\" data-element_type=\"widget\" data-e-type=\"widget\" data-widget_type=\"divider.default\">\n\t\t\t\t<div class=\"elementor-widget-container\">\n\t\t\t\t\t\t\t<div class=\"elementor-divider\">\n\t\t\t<span class=\"elementor-divider-separator\">\n\t\t\t\t\t\t<\/span>\n\t\t<\/div>\n\t\t\t\t\t\t<\/div>\n\t\t\t\t<\/div>\n\t\t\t\t\t<\/div>\n\t\t<\/div>\n\t\t\t\t\t<\/div>\n\t\t<\/section>\n\t\t\t\t<section class=\"elementor-section elementor-inner-section elementor-element elementor-element-24f43da noshadow elementor-section-boxed elementor-section-height-default elementor-section-height-default\" data-id=\"24f43da\" data-element_type=\"section\" data-e-type=\"section\">\n\t\t\t\t\t\t<div class=\"elementor-container elementor-column-gap-default\">\n\t\t\t\t\t<div class=\"elementor-column elementor-col-100 elementor-inner-column elementor-element elementor-element-92e8c18\" data-id=\"92e8c18\" data-element_type=\"column\" data-e-type=\"column\">\n\t\t\t<div class=\"elementor-widget-wrap elementor-element-populated\">\n\t\t\t\t\t\t<div class=\"elementor-element elementor-element-68db97a elementor-widget elementor-widget-text-editor\" data-id=\"68db97a\" data-element_type=\"widget\" data-e-type=\"widget\" data-widget_type=\"text-editor.default\">\n\t\t\t\t<div class=\"elementor-widget-container\">\n\t\t\t\t\t\t\t\t\t<p>UBAtc asbl est une association d&rsquo;institutions et d&rsquo;organisations qui, gr\u00e2ce \u00e0 leur expertise, peuvent contribuer \u00e0 l&rsquo;\u00e9valuation, \u00e0 l&rsquo;agr\u00e9ment et \u00e0 la certification des produits de construction.<\/p>\n<p>L&rsquo;UBAtc doit viser les objectifs suivants:<\/p>\n<ul>\n<li data-leveltext=\"-\" data-font=\"Symbol\" data-listid=\"2\" aria-setsize=\"-1\" data-aria-posinset=\"1\" data-aria-level=\"1\">\n              <span data-ccp-props=\"{\">\u00catre le meilleur organisme europ\u00e9en d&rsquo;agr\u00e9ment et d&rsquo;\u00e9valuation en termes de qualit\u00e9 intrins\u00e8que de ses produits et services, du rapport qualit\u00e9\/prix, de la ponctualit\u00e9 des services et de la satisfaction des besoins de tous les acteurs de la construction; <\/span>\n            <\/li>\n<li data-leveltext=\"-\" data-font=\"Symbol\" data-listid=\"2\" aria-setsize=\"-1\" data-aria-posinset=\"2\" data-aria-level=\"1\">\n              <span data-ccp-props=\"{\">Devenir le seul fournisseur important de d\u00e9clarations de qualit\u00e9 concernant l&rsquo;aptitude \u00e0 l&#8217;emploi des mat\u00e9riaux, produits, kits et syst\u00e8mes qui ne sont pas ou pas compl\u00e9tement trait\u00e9s dans les normes de la satisfaction des besoins de tous les acteurs de la construction. Afin d&rsquo;\u00e9viter la prolif\u00e9ration et la concurrence entre les marques, les \u00e9valuations techniques et les d\u00e9clarations de qualit\u00e9 dans le contexte belge, qui r\u00e9duiraient leur valeur. <\/span>\n            <\/li>\n<\/ul>\n<p>\n            <span data-ccp-props=\"{\">L&rsquo;UBAtc doit soutenir la comp\u00e9titivit\u00e9 du secteur de la construction belge et europ\u00e9en, \u0153uvrer pour la prosp\u00e9rit\u00e9 des ma\u00eetres d&rsquo;ouvrage et le d\u00e9veloppement durable, en: <\/span>\n          <\/p>\n<ul>\n<li data-leveltext=\"-\" data-font=\"Symbol\" data-listid=\"2\" aria-setsize=\"-1\" data-aria-posinset=\"3\" data-aria-level=\"1\">Fournissant aux op\u00e9rateurs d&rsquo;agr\u00e9ment, d&rsquo;\u00e9valuation et de certification les moyens n\u00e9cessaires pour pr\u00e9parer, maintenir et diffuser un ensemble coh\u00e9rent d&rsquo;\u00e9valuations techniques et de d\u00e9clarations de qualit\u00e9 adapt\u00e9es aux utilisateurs et aux chantiers<\/li>\n<li data-leveltext=\"-\" data-font=\"Symbol\" data-listid=\"2\" aria-setsize=\"-1\" data-aria-posinset=\"1\" data-aria-level=\"1\">\n              <span data-ccp-props=\"{\">Recevant correctement les demandeurs d&rsquo;\u00e9valuations techniques et de d\u00e9clarations de qualit\u00e9, traitant les informations mises \u00e0 disposition de mani\u00e8re confidentielle, leur proposant le produit ou le service de l\u2019UBAtc le plus adapt\u00e9 servant de guide tout au long du processus d\u2019\u00e9valuation, d\u2019agr\u00e9ment et\/ou de certification <\/span>\n            <\/li>\n<li data-leveltext=\"-\" data-font=\"Symbol\" data-listid=\"2\" aria-setsize=\"-1\" data-aria-posinset=\"2\" data-aria-level=\"1\">\n              <span data-ccp-props=\"{\">Donnant aux parties int\u00e9ress\u00e9es leur mot \u00e0 dire sur le fonctionnement de l&rsquo;organisation et en accroissant leur confiance dans les services de l\u2019UBAtc en encadrant les activit\u00e9s des op\u00e9rateurs <\/span>\n            <\/li>\n<li data-leveltext=\"-\" data-font=\"Symbol\" data-listid=\"2\" aria-setsize=\"-1\" data-aria-posinset=\"3\" data-aria-level=\"1\">\n              <span data-ccp-props=\"{\">R\u00e9pondant de mani\u00e8re flexible, efficace, technique et scientifique aux besoins des parties prenantes, du march\u00e9 et de la soci\u00e9t\u00e9 et en guidant les processus li\u00e9s aux chantiers des utilisateurs <\/span>\n            <\/li>\n<\/ul>\n\t\t\t\t\t\t\t\t<\/div>\n\t\t\t\t<\/div>\n\t\t\t\t\t<\/div>\n\t\t<\/div>\n\t\t\t\t\t<\/div>\n\t\t<\/section>\n\t\t\t\t\t<\/div>\n\t\t<\/div>\n\t\t\t\t\t<\/div>\n\t\t<\/section>\n\t\t\t\t<section class=\"elementor-section elementor-top-section elementor-element elementor-element-d585d2d elementor-section-boxed elementor-section-height-default elementor-section-height-default\" data-id=\"d585d2d\" data-element_type=\"section\" data-e-type=\"section\">\n\t\t\t\t\t\t<div class=\"elementor-container elementor-column-gap-default\">\n\t\t\t\t\t<div class=\"elementor-column elementor-col-100 elementor-top-column elementor-element elementor-element-318e885\" data-id=\"318e885\" data-element_type=\"column\" data-e-type=\"column\">\n\t\t\t<div class=\"elementor-widget-wrap elementor-element-populated\">\n\t\t\t\t\t\t<div class=\"elementor-element elementor-element-73aeb2d elementor-widget elementor-widget-heading\" data-id=\"73aeb2d\" data-element_type=\"widget\" data-e-type=\"widget\" data-widget_type=\"heading.default\">\n\t\t\t\t<div class=\"elementor-widget-container\">\n\t\t\t\t\t<h2 class=\"elementor-heading-title elementor-size-default\">La vision...<\/h2>\t\t\t\t<\/div>\n\t\t\t\t<\/div>\n\t\t\t\t<div class=\"elementor-element elementor-element-cbcc53a elementor-widget elementor-widget-text-editor\" data-id=\"cbcc53a\" data-element_type=\"widget\" data-e-type=\"widget\" data-widget_type=\"text-editor.default\">\n\t\t\t\t<div class=\"elementor-widget-container\">\n\t\t\t\t\t\t\t\t\t<p>Tous les produits, kits et syst\u00e8mes de construction innovants et traditionnels couverts par une ou plusieurs sp\u00e9cifications, bas\u00e9s sur une ou plusieurs \u00e9valuation(s), sans aucune duplication des travaux effectu\u00e9s, r\u00e9pondant aux besoins d&rsquo;information technique de toutes les parties prenantes, en simplifiant leur utilisation sur les chantiers et en accompagnement des processus de construction.<\/p>\n\t\t\t\t\t\t\t\t<\/div>\n\t\t\t\t<\/div>\n\t\t\t\t\t<\/div>\n\t\t<\/div>\n\t\t\t\t\t<\/div>\n\t\t<\/section>\n\t\t\t\t<\/div>\n\t\t","protected":false},"excerpt":{"rendered":"<p>Notre mission UBAtc asbl est une association d&rsquo;institutions et d&rsquo;organisations qui, gr\u00e2ce \u00e0 leur expertise, peuvent contribuer \u00e0 l&rsquo;\u00e9valuation, \u00e0 l&rsquo;agr\u00e9ment et \u00e0 la certification des produits de construction. L&rsquo;UBAtc doit viser les objectifs suivants: \u00catre le meilleur organisme europ\u00e9en d&rsquo;agr\u00e9ment et d&rsquo;\u00e9valuation en termes de qualit\u00e9 intrins\u00e8que de ses produits et services, du rapport [&hellip;]<\/p>\n","protected":false},"author":3,"featured_media":0,"parent":2259,"menu_order":0,"comment_status":"closed","ping_status":"closed","template":"","meta":{"_acf_changed":false,"site-sidebar-layout":"no-sidebar","site-content-layout":"page-builder","ast-site-content-layout":"default","site-content-style":"default","site-sidebar-style":"default","ast-global-header-display":"","ast-banner-title-visibility":"","ast-main-header-display":"","ast-hfb-above-header-display":"","ast-hfb-below-header-display":"","ast-hfb-mobile-header-display":"","site-post-title":"disabled","ast-breadcrumbs-content":"","ast-featured-img":"disabled","footer-sml-layout":"","ast-disable-related-posts":"","theme-transparent-header-meta":"default","adv-header-id-meta":"","stick-header-meta":"","header-above-stick-meta":"","header-main-stick-meta":"","header-below-stick-meta":"","astra-migrate-meta-layouts":"default","ast-page-background-enabled":"default","ast-page-background-meta":{"desktop":{"background-color":"","background-image":"","background-repeat":"repeat","background-position":"center center","background-size":"auto","background-attachment":"scroll","background-type":"","background-media":"","overlay-type":"","overlay-color":"","overlay-opacity":"","overlay-gradient":""},"tablet":{"background-color":"","background-image":"","background-repeat":"repeat","background-position":"center center","background-size":"auto","background-attachment":"scroll","background-type":"","background-media":"","overlay-type":"","overlay-color":"","overlay-opacity":"","overlay-gradient":""},"mobile":{"background-color":"","background-image":"","background-repeat":"repeat","background-position":"center center","background-size":"auto","background-attachment":"scroll","background-type":"","background-media":"","overlay-type":"","overlay-color":"","overlay-opacity":"","overlay-gradient":""}},"ast-content-background-meta":{"desktop":{"background-color":"var(--ast-global-color-5)","background-image":"","background-repeat":"repeat","background-position":"center center","background-size":"auto","background-attachment":"scroll","background-type":"","background-media":"","overlay-type":"","overlay-color":"","overlay-opacity":"","overlay-gradient":""},"tablet":{"background-color":"var(--ast-global-color-5)","background-image":"","background-repeat":"repeat","background-position":"center center","background-size":"auto","background-attachment":"scroll","background-type":"","background-media":"","overlay-type":"","overlay-color":"","overlay-opacity":"","overlay-gradient":""},"mobile":{"background-color":"var(--ast-global-color-5)","background-image":"","background-repeat":"repeat","background-position":"center center","background-size":"auto","background-attachment":"scroll","background-type":"","background-media":"","overlay-type":"","overlay-color":"","overlay-opacity":"","overlay-gradient":""}},"footnotes":""},"class_list":["post-13806","page","type-page","status-publish","hentry"],"acf":[],"_links":{"self":[{"href":"https:\/\/butgb-ubatc.be\/fr\/wp-json\/wp\/v2\/pages\/13806","targetHints":{"allow":["GET"]}}],"collection":[{"href":"https:\/\/butgb-ubatc.be\/fr\/wp-json\/wp\/v2\/pages"}],"about":[{"href":"https:\/\/butgb-ubatc.be\/fr\/wp-json\/wp\/v2\/types\/page"}],"author":[{"embeddable":true,"href":"https:\/\/butgb-ubatc.be\/fr\/wp-json\/wp\/v2\/users\/3"}],"replies":[{"embeddable":true,"href":"https:\/\/butgb-ubatc.be\/fr\/wp-json\/wp\/v2\/comments?post=13806"}],"version-history":[{"count":16,"href":"https:\/\/butgb-ubatc.be\/fr\/wp-json\/wp\/v2\/pages\/13806\/revisions"}],"predecessor-version":[{"id":20876,"href":"https:\/\/butgb-ubatc.be\/fr\/wp-json\/wp\/v2\/pages\/13806\/revisions\/20876"}],"up":[{"embeddable":true,"href":"https:\/\/butgb-ubatc.be\/fr\/wp-json\/wp\/v2\/pages\/2259"}],"wp:attachment":[{"href":"https:\/\/butgb-ubatc.be\/fr\/wp-json\/wp\/v2\/media?parent=13806"}],"curies":[{"name":"wp","href":"https:\/\/api.w.org\/{rel}","templated":true}]}}